{"id":3998,"date":"2022-04-10T00:30:04","date_gmt":"2022-04-09T21:30:04","guid":{"rendered":"https:\/\/www.farplas.com\/?page_id=3998"},"modified":"2024-05-01T18:17:15","modified_gmt":"2024-05-01T15:17:15","slug":"bilgi-guvenligi-politikasi","status":"publish","type":"page","link":"https:\/\/www.farplas.com\/tr\/bilgi-guvenligi-politikasi\/","title":{"rendered":"Bilgi G\u00fcvenli\u011fi Politikas\u0131"},"content":{"rendered":"\n<p>Bu dok\u00fcman\u0131 PDF format\u0131nda g\u00f6rmek i\u00e7in <strong><a href=\"https:\/\/www.farplas.com\/wp-content\/uploads\/2024\/05\/BGYS-POLITIKASI_TR_10.05.2022.pdf\" data-type=\"URL\" data-id=\"https:\/\/www.farplas.com\/wp-content\/uploads\/2024\/05\/BGYS-POLITIKASI_TR_10.05.2022.pdf\">buraya t\u0131klay\u0131n\u0131z<\/a><\/strong>.<\/p>\n\n\n\n<p>Farplas, Bilgi G\u00fcvenli\u011fi\u2019 nin, vizyonumuza ula\u015fmada destekleyici rol\u00fc oldu\u011funu bilir ve bu anlamda;<\/p>\n\n\n\n<ul class=\"wp-block-list\"><li><strong>\u0130thalat, ihracat, transit, g\u00fcmr\u00fck ve d\u0131\u015f ticaret (g\u00fcmr\u00fck i\u015flemleri ve lojistik d\u00e2hil olmak \u00fczere), depolama muhasebe, finans<br>ve bilgi i\u015flem faaliyetleri ile ilgili olarak; otomotiv yedek par\u00e7a \u00fcr\u00fcnlerine ait elektronik ve elektronik olmayan bilgilerin<br>korunmas\u0131n\u0131,<\/strong><\/li><li><strong>Motorlu, elektrikli ve hibrit ara\u00e7lar i\u00e7in plastik par\u00e7alar ile ayd\u0131nlatma \u00fcr\u00fcnlerinin tasar\u0131m\u0131, imalat\u0131, montaj\u0131 ile bu<br>kapsamda ger\u00e7ekle\u015ftirilen g\u00fcmr\u00fck ve d\u0131\u015f ticaret i\u015flemlerini ve bu i\u015flemlere ili\u015fkin lojistik, depolama, muhasebe, finans ve<br>bilgi i\u015flem faaliyetleri de dahil olmak \u00fczere Farplas s\u00fcre\u00e7lerindeki t\u00fcm bilgi varl\u0131klar\u0131n\u0131 ve bu varl\u0131klar\u0131 korumak amac\u0131yla<br>kullan\u0131lan g\u00fcvenlik \u00f6nlemlerini kapsayan bilgi g\u00fcvenli\u011fi y\u00f6netim sistemi.<\/strong><\/li><li><strong>\u00dcretim, Proje ve M\u00fchendislik \u00c7al\u0131\u015fmalar\u0131, Sat\u0131n Alma, Sat\u0131\u015f ve Pazarlama, Bilgi Teknolojileri, \u0130nsan Kaynaklar\u0131, Mali \u0130\u015fler<br>ve Ar-Ge Faaliyetleri ile bu faaliyetlerin fiziksel ve elektronik bilgi varl\u0131klar\u0131n\u0131 ve bu varl\u0131klar\u0131 korumak amac\u0131yla kullan\u0131lan<br>t\u00fcm \u0130dari Bina ve Tesislere \u0130li\u015fkin G\u00fcvenlik \u00d6nlemlerini i\u00e7ermekte olan bilgi g\u00fcvenli\u011fi y\u00f6netim sistemini a\u015fa\u011f\u0131daki kapsam<br>d\u00e2hilinde kabul ve taahh\u00fct eder.<\/strong><\/li><\/ul>\n\n\n\n<p>Farplas, Bilgi G\u00fcvenli\u011fi\u2019 ni; bilgi varl\u0131klar\u0131n\u0131n a\u015fa\u011f\u0131da belirtilen temel \u00f6zelliklerinin korunmas\u0131 olarak alg\u0131lar.<\/p>\n\n\n\n<p><strong>\u2713 Gizlilik;<\/strong> Bilginin sadece yetkili ki\u015filer taraf\u0131ndan eri\u015filebilir olmas\u0131,<br><strong>\u2713 B\u00fct\u00fcnl\u00fck;<\/strong> Bilginin yetkisiz de\u011fi\u015ftirmelerden korunmas\u0131 ve de\u011fi\u015ftirildi\u011finde fark\u0131na var\u0131lmas\u0131,<br><strong>\u2713 Kullan\u0131labilirlik;<\/strong> Bilginin yetkili kullan\u0131c\u0131lar taraf\u0131ndan gerek duyuldu\u011fu an kullan\u0131labilir olmas\u0131.<\/p>\n\n\n\n<p>Bu maksatla;<\/p>\n\n\n\n<ul class=\"wp-block-list\"><li>Hem \u015eirketimize ait ve hem de i\u015f s\u00fcre\u00e7lerimiz kapsam\u0131nda payda\u015flar\u0131m\u0131z taraf\u0131ndan bizimle payla\u015f\u0131lan bilgi varl\u0131klar\u0131n\u0131n g\u00fcvenli\u011fini sa\u011flamay\u0131,<\/li><li>Topluluk \u00e7al\u0131\u015fanlar\u0131n\u0131n bilgi g\u00fcvenli\u011fine ili\u015fkin bilin\u00e7 ve fark\u0131ndal\u0131k seviyelerini art\u0131rmay\u0131,<\/li><li>Ana ve destekleyen t\u00fcm i\u015f faaliyetlerinin en az kesinti ile devam etmesini,<\/li><li>Toplulu\u011fun t\u00fcm birim ve \u00e7al\u0131\u015fanlar\u0131n\u0131n Bilgi G\u00fcvenli\u011fi Y\u00f6netim Sistemi Standard\u0131n\u0131n yan\u0131 s\u0131ra, yasal uygulamalardan ve<br>s\u00f6zle\u015fmelerden do\u011fan\/ do\u011fabilecek \u015fartlara uygun hareket etmesini<\/li><li>Bilgi G\u00fcvenli\u011fi Y\u00f6netim Sistemi konusundaki s\u00fcrekli iyile\u015ftirme ve geli\u015ftirmeyi destekleyerek, bu sistem \u00e7er\u00e7evesindeki t\u00fcm yenilikler,<br>de\u011fi\u015fimler ve geli\u015fmeler hakk\u0131nda t\u00fcm \u00e7al\u0131\u015fanlar\u0131n ve payda\u015flar\u0131n fark\u0131ndal\u0131klar\u0131n art\u0131r\u0131lmas\u0131<\/li><li>\u201cGizlilik, B\u00fct\u00fcnl\u00fck, Eri\u015filebilirlik ve S\u00fcrd\u00fcr\u00fclebilirlik\u201d ilkeleri do\u011frultusunda bilgi varl\u0131klar\u0131m\u0131z\u0131 y\u00f6netmeyi ve s\u00fcre\u00e7 performanslar\u0131n\u0131 \u00f6l\u00e7meyi,<\/li><li>Kapsam d\u00e2hilindeki t\u00fcm i\u015f s\u00fcre\u00e7lerimiz ve faaliyetlerimizde, bilgi g\u00fcvenli\u011fi kaynakl\u0131 ya\u015fanabilecek kesintileri en aza indirmeyi,<\/li><li>Ger\u00e7ek ya da olas\u0131 t\u00fcm ihlalleri rapor etmeyi, ihlale sebep olan uygunsuzluklar\u0131 tespit ve tekrar\u0131n\u0131 engelleyici \u00f6nlemleri almay\u0131,<\/li><li>Bilgi g\u00fcvenli\u011fi bilincini sa\u011flamak ve artt\u0131rmak i\u00e7in t\u00fcm ili\u015fkili s\u00fcre\u00e7 sahiplerine ve \u00e7al\u0131\u015fanlar\u0131na gerekli ve nitelikli e\u011fitimleri sa\u011flamay\u0131,<\/li><li>Bu kapsamda belirlenen ama\u00e7 ve hedefleri periyodik olarak g\u00f6zden ge\u00e7irmeyi, bu ama\u00e7 ve hedeflere ula\u015fmak i\u00e7in gerekli kaynaklar\u0131n olu\u015fturulmas\u0131n\u0131,<\/li><li>Bilgi g\u00fcvenli\u011fi ile ilgili t\u00fcm yasal \u015fartlara, mevcut standartlara ve 3. taraflar (i\u015f ortaklar\u0131, m\u00fc\u015fteriler, tedarik\u00e7iler) ile yap\u0131lan anla\u015fmalara g\u00f6re BGYS faaliyetlerimizi ger\u00e7ekle\u015ftirmeyi,<br>ama\u00e7 ediniriz.<\/li><\/ul>\n\n\n\n<p>Tesislerimizde g\u00f6zlemledi\u011finiz g\u00fcvenlik ihlalleri i\u00e7in ihlal@farplas.com e-posta adresine ula\u015fabilirsiniz.<\/p>\n\n\n\n<p><strong>FARPLAS A.\u015e.<\/strong><\/p>\n\n\n\n<p>\u0130lk Yay\u0131n: 01.04.2019<br>Revizyon Tarihi: 10.05.2022<br>Revizyon No: 03<\/p>\n","protected":false},"excerpt":{"rendered":"<p>Bu dok\u00fcman\u0131 PDF format\u0131nda g\u00f6rmek i\u00e7in buraya t\u0131klay\u0131n\u0131z. Farplas, Bilgi G\u00fcvenli\u011fi\u2019 nin, vizyonumuza ula\u015fmada destekleyici rol\u00fc oldu\u011funu bilir ve bu anlamda; \u0130thalat, ihracat, transit, g\u00fcmr\u00fck ve d\u0131\u015f ticaret (g\u00fcmr\u00fck i\u015flemleri ve lojistik d\u00e2hil olmak \u00fczere), depolama muhasebe, finansve bilgi i\u015flem faaliyetleri ile ilgili olarak; otomotiv yedek par\u00e7a \u00fcr\u00fcnlerine ait elektronik ve elektronik olmayan bilgilerinkorunmas\u0131n\u0131, Motorlu,&hellip; <a class=\"more-link\" href=\"https:\/\/www.farplas.com\/tr\/bilgi-guvenligi-politikasi\/\">Okumaya devam et <span class=\"screen-reader-text\">Bilgi G\u00fcvenli\u011fi Politikas\u0131<\/span><\/a><\/p>\n","protected":false},"author":1,"featured_media":0,"parent":0,"menu_order":0,"comment_status":"closed","ping_status":"open","template":"page-farplas.php","meta":{"_acf_changed":false,"inline_featured_image":false,"footnotes":""},"class_list":["post-3998","page","type-page","status-publish","hentry","entry"],"acf":[],"_links":{"self":[{"href":"https:\/\/www.farplas.com\/tr\/wp-json\/wp\/v2\/pages\/3998","targetHints":{"allow":["GET"]}}],"collection":[{"href":"https:\/\/www.farplas.com\/tr\/wp-json\/wp\/v2\/pages"}],"about":[{"href":"https:\/\/www.farplas.com\/tr\/wp-json\/wp\/v2\/types\/page"}],"author":[{"embeddable":true,"href":"https:\/\/www.farplas.com\/tr\/wp-json\/wp\/v2\/users\/1"}],"replies":[{"embeddable":true,"href":"https:\/\/www.farplas.com\/tr\/wp-json\/wp\/v2\/comments?post=3998"}],"version-history":[{"count":12,"href":"https:\/\/www.farplas.com\/tr\/wp-json\/wp\/v2\/pages\/3998\/revisions"}],"predecessor-version":[{"id":5880,"href":"https:\/\/www.farplas.com\/tr\/wp-json\/wp\/v2\/pages\/3998\/revisions\/5880"}],"wp:attachment":[{"href":"https:\/\/www.farplas.com\/tr\/wp-json\/wp\/v2\/media?parent=3998"}],"curies":[{"name":"wp","href":"https:\/\/api.w.org\/{rel}","templated":true}]}}