{"id":3917,"date":"2022-03-30T14:31:03","date_gmt":"2022-03-30T11:31:03","guid":{"rendered":"https:\/\/www.farplas.com\/?page_id=3917"},"modified":"2022-03-30T14:31:48","modified_gmt":"2022-03-30T11:31:48","slug":"sertifikalar","status":"publish","type":"page","link":"https:\/\/www.farplas.com\/tr\/sertifikalar\/","title":{"rendered":"Sertifikalar"},"content":{"rendered":"\n<p>Yak\u0131ndan g\u00f6rmek i\u00e7in sertifikan\u0131n g\u00f6rseline t\u0131klay\u0131n\u0131z.<a href=\"https:\/\/farplas.com\/cert-iatf-16949.html\"><\/a><\/p>\n\n\n<!-- SIPA Content Start :document --><div class=\"grid-article grid-certifications\"><article>\n                        <p><a href=\"https:\/\/www.farplas.com\/wp-content\/uploads\/2025\/11\/FSS-Oarja-IATF-16949-1-scaled.jpg\" data-fancybox=\"certifications\"><img decoding=\"async\" src=\"https:\/\/www.farplas.com\/wp-content\/uploads\/2025\/11\/FSS-Oarja-IATF-16949-1-768x1086.jpg\" alt=\"IATF 16949 Romania (Oarja Plant)\"><\/a><\/p>\n                        <p><strong>IATF 16949 Romania (Oarja Plant)<\/strong> <\/p>\n                    <\/article><\/div><!-- SIPA Content end -->\n","protected":false},"excerpt":{"rendered":"<p>Yak\u0131ndan g\u00f6rmek i\u00e7in sertifikan\u0131n g\u00f6rseline t\u0131klay\u0131n\u0131z.<\/p>\n","protected":false},"author":1,"featured_media":3919,"parent":0,"menu_order":0,"comment_status":"closed","ping_status":"open","template":"page-farplas.php","meta":{"_acf_changed":false,"inline_featured_image":false,"footnotes":""},"class_list":["post-3917","page","type-page","status-publish","has-post-thumbnail","hentry","entry"],"acf":[],"_links":{"self":[{"href":"https:\/\/www.farplas.com\/tr\/wp-json\/wp\/v2\/pages\/3917","targetHints":{"allow":["GET"]}}],"collection":[{"href":"https:\/\/www.farplas.com\/tr\/wp-json\/wp\/v2\/pages"}],"about":[{"href":"https:\/\/www.farplas.com\/tr\/wp-json\/wp\/v2\/types\/page"}],"author":[{"embeddable":true,"href":"https:\/\/www.farplas.com\/tr\/wp-json\/wp\/v2\/users\/1"}],"replies":[{"embeddable":true,"href":"https:\/\/www.farplas.com\/tr\/wp-json\/wp\/v2\/comments?post=3917"}],"version-history":[{"count":2,"href":"https:\/\/www.farplas.com\/tr\/wp-json\/wp\/v2\/pages\/3917\/revisions"}],"predecessor-version":[{"id":3920,"href":"https:\/\/www.farplas.com\/tr\/wp-json\/wp\/v2\/pages\/3917\/revisions\/3920"}],"wp:featuredmedia":[{"embeddable":true,"href":"https:\/\/www.farplas.com\/tr\/wp-json\/wp\/v2\/media\/3919"}],"wp:attachment":[{"href":"https:\/\/www.farplas.com\/tr\/wp-json\/wp\/v2\/media?parent=3917"}],"curies":[{"name":"wp","href":"https:\/\/api.w.org\/{rel}","templated":true}]}}