{"id":3839,"date":"2021-10-04T19:32:33","date_gmt":"2021-10-04T16:32:33","guid":{"rendered":"https:\/\/www.farplas.com\/contact\/"},"modified":"2025-07-15T15:22:07","modified_gmt":"2025-07-15T12:22:07","slug":"iletisim","status":"publish","type":"page","link":"https:\/\/www.farplas.com\/tr\/iletisim\/","title":{"rendered":"\u0130LET\u0130\u015e\u0130M"},"content":{"rendered":"\n<section class=\"contact-content\">\n            <div class=\"pg\">\n                <div class=\"fac fac-contact marg\">\n                    <div class=\"cl ca1\">\n                        <h3 class=\"y18 t_dark\">Genel Merkez<\/h3>\n                    <\/div>\n                    <div class=\"cl ca1\">\n                        <p><strong>Tel<\/strong> <a href=\"tel:+902626796500\">+90 (262) 679 65 00<\/a><br>\n                            <strong>Fax<\/strong> <a href=\"tel:+90262679655455\">+90 (262) 679 65 54-55<\/a><br>\n                            <strong>E-Mail<\/strong>  <a href=\"mailto:info@farplas.com\">info@farplas.com<\/a><br>\n                            <strong>Adres<\/strong> TOSB Otomotiv (OSB) Mah. 3. Cad. No:11\/2 41420 \u00c7ay\u0131rova, Kocaeli, T\u00fcrkiye<\/p>\n\n\n\n                    <\/div>\n                    <div class=\"cl ca2\">\n                             <h3 class=\"y18 t_dark\"><a href=\"https:\/\/farplas.com.tr\/etik.php\">Etik Hat Bildirim Formu<\/a><\/h3>\n                    <\/div>\n                <\/div>\n            <\/div>\n        <\/section>\n\n\n\n<hr class=\"pg\">\n\n\n\n<section class=\"contact-countries\">\n    <div class=\"pg\">\n        <h3 class=\"y18 t_dark\">Di\u011fer \u00dclkeler<\/h3>\n        <div class=\"grid-article grid-countries\">\n\n            <article>\n                <p class=\"fac fac-country no\">\n                    <span class=\"cl autow\">\n                        <img decoding=\"async\" src=\"\/wp-content\/uploads\/2021\/10\/country-ch.svg\" alt=\"People\u2019s Republic of China\">\n                    <\/span>\n                    <span class=\"cl ca1\">\n                        <strong>\u00c7in<\/strong>\n                        <a href=\"mailto:chn@farplas.com\">chn@farplas.com<\/a>\n                    <\/span>\n                <\/p>\n            <\/article>\n            <article>\n                <p class=\"fac fac-country no\">\n                    <span class=\"cl autow\">\n                        <img decoding=\"async\" src=\"\/wp-content\/uploads\/2021\/10\/country-kr.svg\" alt=\"Republic of Korea\">\n                    <\/span>\n                    <span class=\"cl ca1\">\n                        <strong>Kore<\/strong>\n                        <a href=\"mailto:kro@farplas.com\">kro@farplas.com<\/a>\n                    <\/span>\n                <\/p>\n            <\/article>\n            <article>\n                <p class=\"fac fac-country no\">\n                    <span class=\"cl autow\">\n                        <img decoding=\"async\" src=\"\/wp-content\/uploads\/2021\/10\/country-ro.svg\" alt=\"Romania\">\n                    <\/span>\n                    <span class=\"cl ca1\">\n                        <strong>Romanya<\/strong>\n                        <a href=\"mailto:ro@farplas.com\">ro@farplas.com<\/a>\n                    <\/span>\n                <\/p>\n            <\/article>\n            <article>\n                <p class=\"fac fac-country no\">\n                    <span class=\"cl autow\">\n                        <img decoding=\"async\" src=\"\/wp-content\/uploads\/2021\/10\/country-th.svg\" alt=\"Thailand\">\n                    <\/span>\n                    <span class=\"cl ca1\">\n                        <strong>Tayland<\/strong>\n                        <a href=\"mailto:th@farplas.com\">th@farplas.com<\/a>\n                    <\/span>\n                <\/p>\n            <\/article>\n        <\/div>\n    <\/div>\n<\/section>\n","protected":false},"excerpt":{"rendered":"<p>Genel Merkez Tel +90 (262) 679 65 00 Fax +90 (262) 679 65 54-55 E-Mail info@farplas.com Adres TOSB Otomotiv (OSB) Mah. 3. Cad. No:11\/2 41420 \u00c7ay\u0131rova, Kocaeli, T\u00fcrkiye Etik Hat Bildirim Formu Di\u011fer \u00dclkeler \u00c7in chn@farplas.com Kore kro@farplas.com Romanya ro@farplas.com Tayland th@farplas.com<\/p>\n","protected":false},"author":1,"featured_media":3840,"parent":0,"menu_order":0,"comment_status":"closed","ping_status":"open","template":"page-farplasfull.php","meta":{"_acf_changed":false,"inline_featured_image":false,"footnotes":""},"class_list":["post-3839","page","type-page","status-publish","has-post-thumbnail","hentry","entry"],"acf":[],"_links":{"self":[{"href":"https:\/\/www.farplas.com\/tr\/wp-json\/wp\/v2\/pages\/3839","targetHints":{"allow":["GET"]}}],"collection":[{"href":"https:\/\/www.farplas.com\/tr\/wp-json\/wp\/v2\/pages"}],"about":[{"href":"https:\/\/www.farplas.com\/tr\/wp-json\/wp\/v2\/types\/page"}],"author":[{"embeddable":true,"href":"https:\/\/www.farplas.com\/tr\/wp-json\/wp\/v2\/users\/1"}],"replies":[{"embeddable":true,"href":"https:\/\/www.farplas.com\/tr\/wp-json\/wp\/v2\/comments?post=3839"}],"version-history":[{"count":11,"href":"https:\/\/www.farplas.com\/tr\/wp-json\/wp\/v2\/pages\/3839\/revisions"}],"predecessor-version":[{"id":6486,"href":"https:\/\/www.farplas.com\/tr\/wp-json\/wp\/v2\/pages\/3839\/revisions\/6486"}],"wp:featuredmedia":[{"embeddable":true,"href":"https:\/\/www.farplas.com\/tr\/wp-json\/wp\/v2\/media\/3840"}],"wp:attachment":[{"href":"https:\/\/www.farplas.com\/tr\/wp-json\/wp\/v2\/media?parent=3839"}],"curies":[{"name":"wp","href":"https:\/\/api.w.org\/{rel}","templated":true}]}}