{"id":3747,"date":"2022-02-16T16:42:11","date_gmt":"2022-02-16T13:42:11","guid":{"rendered":"https:\/\/www.farplas.com\/insan\/create-your-own-opportunity\/"},"modified":"2022-03-30T12:21:20","modified_gmt":"2022-03-30T09:21:20","slug":"kendi-firsatini-kendin-yarat","status":"publish","type":"page","link":"https:\/\/www.farplas.com\/tr\/insan\/kendi-firsatini-kendin-yarat\/","title":{"rendered":"Kendi F\u0131rsat\u0131n\u0131 Kendin Yarat"},"content":{"rendered":"\n<p><strong>Bizimle ileti\u015fime ge\u00e7in.<\/strong><\/p>\n\n\n\n<div class=\"wp-block-contact-form-7-contact-form-selector\">\n<div class=\"wpcf7 no-js\" id=\"wpcf7-f3887-o1\" lang=\"en-US\" dir=\"ltr\" data-wpcf7-id=\"3887\">\n<div class=\"screen-reader-response\"><p role=\"status\" aria-live=\"polite\" aria-atomic=\"true\"><\/p> <ul><\/ul><\/div>\n<form action=\"\/tr\/wp-json\/wp\/v2\/pages\/3747#wpcf7-f3887-o1\" method=\"post\" class=\"wpcf7-form init\" aria-label=\"Contact form\" enctype=\"multipart\/form-data\" novalidate=\"novalidate\" data-status=\"init\">\n<fieldset class=\"hidden-fields-container\"><input type=\"hidden\" name=\"_wpcf7\" value=\"3887\" \/><input type=\"hidden\" name=\"_wpcf7_version\" value=\"6.1.5\" \/><input type=\"hidden\" name=\"_wpcf7_locale\" value=\"en_US\" \/><input type=\"hidden\" name=\"_wpcf7_unit_tag\" value=\"wpcf7-f3887-o1\" \/><input type=\"hidden\" name=\"_wpcf7_container_post\" value=\"0\" \/><input type=\"hidden\" name=\"_wpcf7_posted_data_hash\" value=\"\" \/><input type=\"hidden\" name=\"_wpcf7_recaptcha_response\" value=\"\" \/>\n<\/fieldset>\n<p class=\"fac fac-input\"><br \/>\n<span class=\"cl ca1\"> <label for=\"firstname\">Ad<\/label><span class=\"wpcf7-form-control-wrap\" data-name=\"firstname\"><input size=\"40\" maxlength=\"400\" class=\"wpcf7-form-control wpcf7-text wpcf7-validates-as-required\" id=\"firstname\" aria-required=\"true\" aria-invalid=\"false\" value=\"\" type=\"text\" name=\"firstname\" \/><\/span> <\/span><br \/>\n<span class=\"cl ca1\"> <label for=\"lastname\">Soyad<\/label> <span class=\"wpcf7-form-control-wrap\" data-name=\"lastname\"><input size=\"40\" maxlength=\"400\" class=\"wpcf7-form-control wpcf7-text wpcf7-validates-as-required\" id=\"lastname\" aria-required=\"true\" aria-invalid=\"false\" value=\"\" type=\"text\" name=\"lastname\" \/><\/span><\/span>\n<\/p>\n<p class=\"fac fac-input\"><br \/>\n<span class=\"cl ca1\"> <label for=\"birthday\">Do\u011fum Tarihi<\/label><span class=\"wpcf7-form-control-wrap\" data-name=\"birthdate\"><input class=\"wpcf7-form-control wpcf7-date wpcf7-validates-as-required wpcf7-validates-as-date\" id=\"birthdate\" aria-required=\"true\" aria-invalid=\"false\" value=\"\" type=\"date\" name=\"birthdate\" \/><\/span><\/span><br \/>\n<span class=\"cl ca1\"><label for=\"email\">E-posta<\/label><span class=\"wpcf7-form-control-wrap\" data-name=\"email\"><input size=\"40\" maxlength=\"400\" class=\"wpcf7-form-control wpcf7-email wpcf7-validates-as-required wpcf7-text wpcf7-validates-as-email\" id=\"email\" aria-required=\"true\" aria-invalid=\"false\" value=\"\" type=\"email\" name=\"email\" \/><\/span><\/span>\n<\/p>\n<div class=\"fac fac-input\">\n\t<div class=\"cl ca1\">\n\t\t<p><label for=\"phone\">Telefon<\/label><span class=\"wpcf7-form-control-wrap\" data-name=\"phone\"><input size=\"40\" maxlength=\"400\" class=\"wpcf7-form-control wpcf7-tel wpcf7-validates-as-required wpcf7-text wpcf7-validates-as-tel\" id=\"phone\" aria-required=\"true\" aria-invalid=\"false\" value=\"\" type=\"tel\" name=\"phone\" \/><\/span><span id=\"valid-msg\" class=\"hide\">\u2713 Valid<\/span><span id=\"error-msg\" class=\"hide\"><\/span>\n\t\t<\/p>\n\t<\/div>\n\t<div class=\"cl ca1\">\n\t\t<p><label for=\"linkedin\">Linkedin URL<\/label><span class=\"wpcf7-form-control-wrap\" data-name=\"linkedin\"><input size=\"40\" maxlength=\"400\" class=\"wpcf7-form-control wpcf7-url wpcf7-validates-as-required wpcf7-text wpcf7-validates-as-url\" id=\"linkedin\" aria-required=\"true\" aria-invalid=\"false\" value=\"\" type=\"url\" name=\"linkedin\" \/><\/span>\n\t\t<\/p>\n\t<\/div>\n<\/div>\n<div class=\"select-input\">\n\t<p><span class=\"wpcf7-form-control-wrap\" data-name=\"cv\"><input size=\"40\" class=\"wpcf7-form-control wpcf7-file wpcf7-validates-as-required\" id=\"cv\" accept=\".doc,.docx,.txt,.pdf,.rtf\" aria-required=\"true\" aria-invalid=\"false\" type=\"file\" name=\"cv\" \/><\/span><i id=\"input-file-txt\">CV Y\u00fckle<\/i>\n\t<\/p>\n<\/div>\n<p><span class=\"wpcf7-form-control-wrap\" data-name=\"privacy-check\"><span class=\"wpcf7-form-control wpcf7-acceptance\"><span class=\"wpcf7-list-item\"><label><input type=\"checkbox\" name=\"privacy-check\" value=\"1\" id=\"privacy-check\" aria-invalid=\"false\" \/><span class=\"wpcf7-list-item-label\">Okudum, anlad\u0131m, kabul ediyorum <a href=\"\/tr\/kisisel-verilerin-korunmasi\/\" target=\"_blank\">gizlilik politikas\u0131 ve ki\u015fisel veri koruma bildirimi.<\/a><\/span><\/label><\/span><\/span><\/span>\n<\/p>\n<p class=\"closer\"><span class=\"wpcf7-form-control-wrap\" data-name=\"accept-marketing-message\"><span class=\"wpcf7-form-control wpcf7-checkbox\"><span class=\"wpcf7-list-item first last\"><input type=\"checkbox\" name=\"accept-marketing-message[]\" value=\"Evet, Farplas ile ilgili \u00fcr\u00fcnler ve\/veya hizmetler, anketler ve etkinlikler hakk\u0131nda pazarlama mesajlar\u0131 almak istiyorum.\" \/><span class=\"wpcf7-list-item-label\">Evet, Farplas ile ilgili \u00fcr\u00fcnler ve\/veya hizmetler, anketler ve etkinlikler hakk\u0131nda pazarlama mesajlar\u0131 almak istiyorum.<\/span><\/span><\/span><\/span>\n<\/p>\n<p><button type=\"button\" onclick=\"$(this).next('input[type=submit]').trigger('click')\">BA\u015eVURUYU G\u00d6NDER <i class=\"farp icon-arrow-right\"><\/i><\/button><input class=\"wpcf7-form-control wpcf7-submit has-spinner\" type=\"submit\" value=\"BA\u015eVURUYU G\u00d6NDER\" \/>\n<\/p><p style=\"display: none !important;\" class=\"akismet-fields-container\" data-prefix=\"_wpcf7_ak_\"><label>&#916;<textarea name=\"_wpcf7_ak_hp_textarea\" cols=\"45\" rows=\"8\" maxlength=\"100\"><\/textarea><\/label><input type=\"hidden\" id=\"ak_js_1\" name=\"_wpcf7_ak_js\" value=\"43\"\/><script>document.getElementById( \"ak_js_1\" ).setAttribute( \"value\", ( new Date() ).getTime() );<\/script><\/p><div class=\"wpcf7-response-output\" aria-hidden=\"true\"><\/div>\n<\/form>\n<\/div>\n<\/div> \n","protected":false},"excerpt":{"rendered":"<p>Bizimle ileti\u015fime ge\u00e7in.<\/p>\n","protected":false},"author":1,"featured_media":0,"parent":3663,"menu_order":0,"comment_status":"closed","ping_status":"open","template":"page-farplas.php","meta":{"_acf_changed":false,"inline_featured_image":false,"footnotes":""},"class_list":["post-3747","page","type-page","status-publish","hentry","entry"],"acf":[],"_links":{"self":[{"href":"https:\/\/www.farplas.com\/tr\/wp-json\/wp\/v2\/pages\/3747","targetHints":{"allow":["GET"]}}],"collection":[{"href":"https:\/\/www.farplas.com\/tr\/wp-json\/wp\/v2\/pages"}],"about":[{"href":"https:\/\/www.farplas.com\/tr\/wp-json\/wp\/v2\/types\/page"}],"author":[{"embeddable":true,"href":"https:\/\/www.farplas.com\/tr\/wp-json\/wp\/v2\/users\/1"}],"replies":[{"embeddable":true,"href":"https:\/\/www.farplas.com\/tr\/wp-json\/wp\/v2\/comments?post=3747"}],"version-history":[{"count":3,"href":"https:\/\/www.farplas.com\/tr\/wp-json\/wp\/v2\/pages\/3747\/revisions"}],"predecessor-version":[{"id":3888,"href":"https:\/\/www.farplas.com\/tr\/wp-json\/wp\/v2\/pages\/3747\/revisions\/3888"}],"up":[{"embeddable":true,"href":"https:\/\/www.farplas.com\/tr\/wp-json\/wp\/v2\/pages\/3663"}],"wp:attachment":[{"href":"https:\/\/www.farplas.com\/tr\/wp-json\/wp\/v2\/media?parent=3747"}],"curies":[{"name":"wp","href":"https:\/\/api.w.org\/{rel}","templated":true}]}}