{"id":3729,"date":"2021-10-04T19:31:35","date_gmt":"2021-10-04T16:31:35","guid":{"rendered":"https:\/\/www.farplas.com\/insan\/farplas-graduate-development-program\/"},"modified":"2022-05-19T13:39:37","modified_gmt":"2022-05-19T10:39:37","slug":"farplas-yeni-mezun-yetistirme-gdp-programi","status":"publish","type":"page","link":"https:\/\/www.farplas.com\/tr\/insan\/farplas-yeni-mezun-yetistirme-gdp-programi\/","title":{"rendered":"FARPLAS YEN\u0130 MEZUN YET\u0130\u015eT\u0130RME (GDP) PROGRAMI"},"content":{"rendered":"\n<section class=\"grey-middle grey-gdp closer\">\n    <div class=\"pg\">\n        <p class=\"y32\">F\u0131rsatlarla dolu bir kariyere ba\u015flamaya haz\u0131r m\u0131s\u0131n\u0131z? Otomotiv end\u00fcstrisinin gelece\u011fini \u015fekillendirmek isteyen, parlak fikirli, tutkulu ve kararl\u0131 arkada\u015flar ar\u0131yoruz. \n <\/p>\n        <p>Farplas mezunu olarak, y\u00fcksek performansl\u0131 ve i\u015fbirlik\u00e7i bir k\u00fclt\u00fcrde kariyerinize h\u0131zl\u0131 bir ba\u015flang\u0131\u00e7 \u200b\u200byapma, ilham verici meslekta\u015flar\u0131n\u0131zla tan\u0131\u015fma, k\u00fcresel bir a\u011f kurma, ufkunuzu geni\u015fletme ve becerilerinizi geli\u015ftirme \u015fans\u0131na sahip olacaks\u0131n\u0131z.\n <\/p>\n        <p><strong>Program\u0131n Amac\u0131:<\/strong><\/p>\n        <div class=\"fac fac-people marg\">\n            <div class=\"cl ca1\">\n                <p>12 ay s\u00fcren GDP program\u0131m\u0131z, yeni mezunlara otomotiv, ak\u0131ll\u0131 ula\u015f\u0131m sistemleri ve mobilite alanlar\u0131nda deneyim kazand\u0131r\u0131rken; kariyer se\u00e7eneklerini ke\u015ffetme f\u0131rsat\u0131 da sunuyor.\n <\/p>\n\n                <p>\u0130lk g\u00fcnden de\u011fer katan GDP program\u0131nda mezunlar, strateji ve d\u00f6n\u00fc\u015f\u00fcmden, \u00fcretim ve teknolojiye kadar Farplas hakk\u0131nda geni\u015f bir bilgi birikimine sahip olacak.  Program boyunca teknoloji, ticari sat\u0131\u015f, \u00fcretim operasyonlar\u0131, kalite, finans ve insan kaynaklar\u0131 alanlar\u0131nda i\u015f ba\u015f\u0131 e\u011fitimleri verilecek.\n\n <\/p>\n            <\/div>\n            <div class=\"cl ca1\">\n                <p class=\"oval-img animate reverse asymetric bottom\">\n                    <img decoding=\"async\" src=\"\/wp-content\/uploads\/2021\/10\/gdp-featured-1-a.jpg\" alt=\"Farplas\">\n                <\/p>\n            <\/div>\n        <\/div>\n    <\/div>\n<\/section>\n\n\n\n\n\n<section class=\"gdp-text closer\">\n    <div class=\"pg\">\n        <p><strong>Ba\u015fvuru Kriterleri:<\/strong> <\/p>\n        <ul class=\"red-bullet closer\">\n            <li>\u00dcniversitelerin m\u00fchendislik veya temel bilimlerden mezun<\/li>\n            <li>\u0130leri seviyede \u0130ngilizce bilgisine sahip<\/li>\n            <li>Maximum 2 y\u0131l tecr\u00fcbeli (Stajlar ve yar\u0131 zamanl\u0131 i\u015fler hari\u00e7)<\/li>\n            <li>Tutkulu, i\u015fbirlik\u00e7i, vizyoner ve \u00e7evik<\/li>\n            <li>Mobilite teknolojilerine ilgili<\/li>\n            <li>Teknolojiye merakl\u0131, \u00f6\u011frenmeye istekli<\/li>\n        <\/ul>\n        <p><strong>Se\u00e7me &amp; Yerle\u015ftirme:<\/strong><br>Video m\u00fclakat, de\u011ferlendirme testleri, vaka analizi ve j\u00fcri sunumundan olu\u015fmaktad\u0131r.<\/p>\n        <p><strong>Birlikte Neler Yapaca\u011f\u0131z?<\/strong><\/p>\n        <ul class=\"red-bullet closer\">\n            <li>10 farkl\u0131 departmanda yap\u0131lacak rotasyon ile ilgi ve yetkinliklerinizi ke\u015ffederek, kariyerinize hangi alanda ba\u015flayaca\u011f\u0131n\u0131za birlikte karar verece\u011fiz.\n <\/li>\n            <li>300 saatlik ki\u015fisel geli\u015fim, liderlik ve teknik e\u011fitim programlar\u0131na kat\u0131laca\u011f\u0131z.<\/li>\n            <li>Farplas&#8217;\u0131n \u00fcr\u00fcn ve servislerine dair derin bilgi birikimi elde edece\u011fiz.<\/li>\n            <li>Yeni teknolojileri, \u00fcretim ortam\u0131nda deneyece\u011fiz. <\/li>\n            <li>Y\u00f6netim ekibinden mentorluk deste\u011fi alaca\u011f\u0131z.<\/li>\n            <li>Fark Labs inovasyon merkezimizde giri\u015fimcilik ve inovasyon yetkinli\u011fimizi peki\u015ftirece\u011fiz.<\/li>\n            <li>Fark Holding\u2019in global ofis ve \u00fcretim tesislerinde (Kore, Tayland, Fransa, Romanya) \u00e7al\u0131\u015fma f\u0131rsat\u0131 yakalayarak, yenilikleri birlikte geli\u015ftirece\u011fiz. <\/li>\n            <li>Otomotiv, ak\u0131ll\u0131 ula\u015f\u0131m sistemleri ve mobilite end\u00fcstrilerinde deneyim ve network elde edece\u011fiz.  <\/li>\n        <\/ul>\n\n        <div class=\"fac fac-grey-grid\">\n            <div class=\"cl ca1\">\n                <p><strong>Program\u0131 ba\u015far\u0131yla tamamlayanlar<\/strong><\/p>\n                <p>E\u011fitim s\u00fcrecini tamamlayan mezunlar, tercih ettikleri alanda i\u015fe ba\u015flayacak. <\/p>\n            <\/div>\n            <div class=\"cl ca1\" style=\"display:none;\">\n                <p><strong>Ba\u015fvuru tarihi<\/strong><\/p>\n                <p>G\u00fcz 2022\u2019de ger\u00e7ekle\u015fecek i\u015fe al\u0131m d\u00f6nemimiz i\u00e7in ba\u015fvurabilirsiniz.<\/p>\n<p><a href=\"\/tr\/insan\/kendi-firsatini-kendin-yarat\/\" class=\"button\"><em>Bize kat\u0131lmak ister misiniz? Hadi hemen ba\u015fvur o zaman!\n <i class=\"farp icon-arrow-right\"><\/i><\/em><\/a><\/p>\n            <\/div>\n        <\/div>\n    <\/div>\n<\/section>\n","protected":false},"excerpt":{"rendered":"<p>F\u0131rsatlarla dolu bir kariyere ba\u015flamaya haz\u0131r m\u0131s\u0131n\u0131z? Otomotiv end\u00fcstrisinin gelece\u011fini \u015fekillendirmek isteyen, parlak fikirli, tutkulu ve kararl\u0131 arkada\u015flar ar\u0131yoruz. Farplas mezunu olarak, y\u00fcksek performansl\u0131 ve i\u015fbirlik\u00e7i bir k\u00fclt\u00fcrde kariyerinize h\u0131zl\u0131 bir ba\u015flang\u0131\u00e7 \u200b\u200byapma, ilham verici meslekta\u015flar\u0131n\u0131zla tan\u0131\u015fma, k\u00fcresel bir a\u011f kurma, ufkunuzu geni\u015fletme ve becerilerinizi geli\u015ftirme \u015fans\u0131na sahip olacaks\u0131n\u0131z. Program\u0131n Amac\u0131: 12 ay s\u00fcren GDP&hellip; <a class=\"more-link\" href=\"https:\/\/www.farplas.com\/tr\/insan\/farplas-yeni-mezun-yetistirme-gdp-programi\/\">Okumaya devam et <span class=\"screen-reader-text\">FARPLAS YEN\u0130 MEZUN YET\u0130\u015eT\u0130RME (GDP) PROGRAMI<\/span><\/a><\/p>\n","protected":false},"author":1,"featured_media":3730,"parent":3663,"menu_order":0,"comment_status":"closed","ping_status":"open","template":"page-farplasfull.php","meta":{"_acf_changed":false,"inline_featured_image":false,"footnotes":""},"class_list":["post-3729","page","type-page","status-publish","has-post-thumbnail","hentry","entry"],"acf":[],"_links":{"self":[{"href":"https:\/\/www.farplas.com\/tr\/wp-json\/wp\/v2\/pages\/3729","targetHints":{"allow":["GET"]}}],"collection":[{"href":"https:\/\/www.farplas.com\/tr\/wp-json\/wp\/v2\/pages"}],"about":[{"href":"https:\/\/www.farplas.com\/tr\/wp-json\/wp\/v2\/types\/page"}],"author":[{"embeddable":true,"href":"https:\/\/www.farplas.com\/tr\/wp-json\/wp\/v2\/users\/1"}],"replies":[{"embeddable":true,"href":"https:\/\/www.farplas.com\/tr\/wp-json\/wp\/v2\/comments?post=3729"}],"version-history":[{"count":14,"href":"https:\/\/www.farplas.com\/tr\/wp-json\/wp\/v2\/pages\/3729\/revisions"}],"predecessor-version":[{"id":4320,"href":"https:\/\/www.farplas.com\/tr\/wp-json\/wp\/v2\/pages\/3729\/revisions\/4320"}],"up":[{"embeddable":true,"href":"https:\/\/www.farplas.com\/tr\/wp-json\/wp\/v2\/pages\/3663"}],"wp:featuredmedia":[{"embeddable":true,"href":"https:\/\/www.farplas.com\/tr\/wp-json\/wp\/v2\/media\/3730"}],"wp:attachment":[{"href":"https:\/\/www.farplas.com\/tr\/wp-json\/wp\/v2\/media?parent=3729"}],"curies":[{"name":"wp","href":"https:\/\/api.w.org\/{rel}","templated":true}]}}