{"id":3553,"date":"2021-10-04T19:28:24","date_gmt":"2021-10-04T16:28:24","guid":{"rendered":"https:\/\/www.farplas.com\/technology\/"},"modified":"2023-02-07T08:07:50","modified_gmt":"2023-02-07T05:07:50","slug":"teknoloji","status":"publish","type":"page","link":"https:\/\/www.farplas.com\/tr\/teknoloji\/","title":{"rendered":"Teknoloji"},"content":{"rendered":"\n<section class=\"tech-content\">\n    <div class=\"pg\">\n        <p class=\"y32\">\u00dcretimin \u00f6tesinde; inovatif, yarat\u0131c\u0131, g\u00fcvenilir, i\u015f birlik\u00e7i, h\u0131zl\u0131<\/p>\n        <div class=\"fac fac-content-tech marg\">\n            <div class=\"cl ca1 one\">\n                <p class=\"oval-img animate\">\n                    <img decoding=\"async\" src=\"\/wp-content\/uploads\/2021\/10\/technology-innovation.jpg\" alt=\"Farplas\">\n                <\/p>\n            <\/div>\n            <div class=\"cl ca2\">\n                <p>Otomotiv sekt\u00f6r\u00fcnde tasar\u0131m odakl\u0131 d\u00fc\u015f\u00fcnme prensipleri ile ilerlemenin; m\u00fc\u015fteri odakl\u0131 olabilmek, teknolojik ve finansal olarak uygulanabilir yenilikleri y\u00f6netebilmek i\u00e7in zorunlu oldu\u011funa inan\u0131yoruz. Bu do\u011frultuda, projelerimize konsept tasar\u0131m a\u015famas\u0131nda ba\u015fl\u0131yor ve \u00fcr\u00fcn\u00fc m\u00fc\u015fterilerimizle yak\u0131n i\u015f birli\u011fi i\u00e7inde geli\u015ftiriyoruz. <\/p>\n\n                <p>M\u00fc\u015fterinin konumuna ba\u011fl\u0131 olarak, bu uzun ve zorlu m\u00fchendislik g\u00f6revini y\u00f6netmek i\u00e7in kapsaml\u0131 dahili ve harici kaynak a\u011f\u0131m\u0131z\u0131 kullan\u0131yoruz. Ayr\u0131ca deneyimli, \u00e7evik ve esnek ekiplerimiz sayesinde, daha \u00f6nce Almanya, \u0130talya, \u0130ngiltere ve ABD&#8217;de oldu\u011fu gibi proje nerede olursa olsun yerinde m\u00fchendislik hizmetleri sunabiliyoruz. T\u00fcm bunlar\u0131n yan\u0131 s\u0131ra; \u00c7in, Kore, Tayland, Romanya ve T\u00fcrkiye&#8217;de kal\u0131c\u0131 bir \u015fekilde faaliyet g\u00f6steren insan kayna\u011f\u0131m\u0131z bulunuyor. <\/p>\n\n                <p>Proje bazl\u0131 \u00fcr\u00fcn ve hizmet geli\u015ftirmelerimizin beraberinde, ara\u015ft\u0131rma a\u015famas\u0131nda otomotiv sekt\u00f6r\u00fcndeki ana sanayi m\u00fc\u015fterilerimizle ve teknoloji ortaklar\u0131m\u0131zla yo\u011fun bir \u015fekilde i\u015fbirli\u011fi yap\u0131yoruz. M\u00fc\u015fterilerimizle; daha etkili, rekabet\u00e7i ve \u00e7evre dostu \u00e7\u00f6z\u00fcmler ara\u015ft\u0131rmak ve geli\u015ftirmek i\u00e7in ortak projelerimiz bulunuyor. Ortak projelerimizin ba\u015fl\u0131ca konular\u0131 ise d\u00f6ng\u00fcsel ekonomi, hafif malzemeler, kompozit yap\u0131\u015ft\u0131rma \u00e7\u00f6z\u00fcmleri ve biyomalzemeler. \n<\/p>\n            <\/div>\n        <\/div>\n        <p><strong>G\u00fc\u00e7l\u00fc Teknolojik Y\u00f6nlerimiz:<\/strong><\/p>\n        \n    <\/div>\n<\/section>\n","protected":false},"excerpt":{"rendered":"<p>\u00dcretimin \u00f6tesinde; inovatif, yarat\u0131c\u0131, g\u00fcvenilir, i\u015f birlik\u00e7i, h\u0131zl\u0131 Otomotiv sekt\u00f6r\u00fcnde tasar\u0131m odakl\u0131 d\u00fc\u015f\u00fcnme prensipleri ile ilerlemenin; m\u00fc\u015fteri odakl\u0131 olabilmek, teknolojik ve finansal olarak uygulanabilir yenilikleri y\u00f6netebilmek i\u00e7in zorunlu oldu\u011funa inan\u0131yoruz. Bu do\u011frultuda, projelerimize konsept tasar\u0131m a\u015famas\u0131nda ba\u015fl\u0131yor ve \u00fcr\u00fcn\u00fc m\u00fc\u015fterilerimizle yak\u0131n i\u015f birli\u011fi i\u00e7inde geli\u015ftiriyoruz. M\u00fc\u015fterinin konumuna ba\u011fl\u0131 olarak, bu uzun ve zorlu m\u00fchendislik g\u00f6revini&hellip; <a class=\"more-link\" href=\"https:\/\/www.farplas.com\/tr\/teknoloji\/\">Okumaya devam et <span class=\"screen-reader-text\">Teknoloji<\/span><\/a><\/p>\n","protected":false},"author":1,"featured_media":3554,"parent":0,"menu_order":0,"comment_status":"closed","ping_status":"open","template":"page-farplasfull.php","meta":{"_acf_changed":false,"inline_featured_image":false,"footnotes":""},"class_list":["post-3553","page","type-page","status-publish","has-post-thumbnail","hentry","entry"],"acf":[],"_links":{"self":[{"href":"https:\/\/www.farplas.com\/tr\/wp-json\/wp\/v2\/pages\/3553","targetHints":{"allow":["GET"]}}],"collection":[{"href":"https:\/\/www.farplas.com\/tr\/wp-json\/wp\/v2\/pages"}],"about":[{"href":"https:\/\/www.farplas.com\/tr\/wp-json\/wp\/v2\/types\/page"}],"author":[{"embeddable":true,"href":"https:\/\/www.farplas.com\/tr\/wp-json\/wp\/v2\/users\/1"}],"replies":[{"embeddable":true,"href":"https:\/\/www.farplas.com\/tr\/wp-json\/wp\/v2\/comments?post=3553"}],"version-history":[{"count":5,"href":"https:\/\/www.farplas.com\/tr\/wp-json\/wp\/v2\/pages\/3553\/revisions"}],"predecessor-version":[{"id":5080,"href":"https:\/\/www.farplas.com\/tr\/wp-json\/wp\/v2\/pages\/3553\/revisions\/5080"}],"wp:featuredmedia":[{"embeddable":true,"href":"https:\/\/www.farplas.com\/tr\/wp-json\/wp\/v2\/media\/3554"}],"wp:attachment":[{"href":"https:\/\/www.farplas.com\/tr\/wp-json\/wp\/v2\/media?parent=3553"}],"curies":[{"name":"wp","href":"https:\/\/api.w.org\/{rel}","templated":true}]}}