{"id":3249,"date":"2022-03-29T20:06:41","date_gmt":"2022-03-29T17:06:41","guid":{"rendered":"https:\/\/www.farplas.com\/?page_id=3249"},"modified":"2022-11-03T18:46:08","modified_gmt":"2022-11-03T15:46:08","slug":"anasayfa","status":"publish","type":"page","link":"https:\/\/www.farplas.com\/tr\/","title":{"rendered":"Anasayfa"},"content":{"rendered":"<section class=\"welcome welcome-home welcome-slide\"><\/section>\n\n\n\n<section class=\"motto-home\">\n            <div class=\"pg\">\n            <h2>DE\u011eERLER<\/h2>\n            <p class=\"y32\">\nEn b\u00fcy\u00fck varl\u0131\u011f\u0131m\u0131z insan. Her \u015feyin insanla ba\u015flay\u0131p insanla bitti\u011fine inan\u0131yoruz. Cinsiyet e\u015fitli\u011fi, \u00e7e\u015fitlilik, kapsay\u0131c\u0131l\u0131k, \u015feffafl\u0131k ve birliktelik zekas\u0131n\u0131 benimsiyoruz.\n<\/p>\n            <p class=\"actions\">\n                <a href=\"\/tr\/insan\/\" class=\"button mini anim noborder\"><em>Daha fazla <i class=\"farp icon-arrow-right\"><\/i><\/em><\/a>\n            <\/p>\n            <\/div>\n        <\/section>\n\n\n\n<section class=\"five-points closer\">\n            <div class=\"pg\">\n                <div class=\"fc fac-five-point\">\n                    <div class=\"cl c50\">\n                        <div class=\"red-points\">\n                            <h2><strong>5P<\/strong> MINDSET<\/h2>\n                            <img decoding=\"async\" src=\"\/wp-content\/uploads\/2021\/10\/fivepoints-wirebox.png\" alt=\"5P Mindset\" class=\"natural\">\n                            <a class=\"point one\"><em class=\"one\">\u0130nsan<\/em><em class=\"two\">en \u00f6nemli varl\u0131\u011f\u0131m\u0131z<\/em><\/a>\n                            <a class=\"point two\"><em class=\"one\">Dayan\u0131kl\u0131l\u0131k<\/em><em class=\"two\">tavr\u0131m\u0131z<\/em><\/a>\n                            <a class=\"point three\"><em class=\"one\">Ama\u00e7<\/em><em class=\"two\">itici g\u00fcc\u00fcm\u00fcz<\/em><\/a>\n                            <a class=\"point four\"><em class=\"one\">\u0130lerleme<\/em><em class=\"two\">g\u00fcnl\u00fck dozumuz<\/em><\/a>\n                            <a class=\"point five\"><em class=\"one\">Tutku<\/em><em class=\"two\">enerji kayna\u011f\u0131m\u0131z<\/em><\/a>\n                        <\/div>\n                    <\/div>\n                    <div class=\"cl c50\">\n                        <!-- fivepoints slide  -->\n                        \n                    <\/div>\n                <\/div>\n            <\/div>\n        <\/section>\n\n\n\n<section class=\"dark-zone closer\">\n<div class=\"pg\">\n\n<\/div>\n<\/section>\n\n\n\n<section class=\"soft-gray-zone full closer\">\n    <div class=\"pg\">\n        <div class=\"motto-home\">\n            <h2>TEKNOLOJ\u0130<\/h2>\n            <p class=\"y32 t_gray\">Ara\u00e7 s\u00fcr\u00fc\u015f deneyiminizdeki i\u015flevselli\u011fi, tasar\u0131m\u0131, g\u00fcvenli\u011fi, sat\u0131n al\u0131nabilirli\u011fi ve s\u00fcrd\u00fcr\u00fclebilirli\u011fi ileri seviyeye ta\u015f\u0131mak i\u00e7in sab\u0131rs\u0131zlan\u0131yoruz. Teknoloji, ba\u015far\u0131m\u0131z\u0131n arkas\u0131ndaki itici g\u00fc\u00e7t\u00fcr.<\/p>\n            <p class=\"actions\">\n                <a href=\"\/tr\/teknoloji\/\" class=\"button mini anim noborder\"><em>Daha fazla bilgi i\u00e7in <i class=\"farp icon-arrow-right\"><\/i><\/em><\/a>\n            <\/p>\n        <\/div>\n\n        <div class=\"fac fac-technology-home\">\n            <div class=\"cl ca2\">\n                <img decoding=\"async\" src=\"\/wp-content\/uploads\/2021\/10\/technology-cover-a-1.jpg\" alt=\"Farplas\" class=\"strech\">\n            <\/div>\n            <div class=\"cl ca1\">\n                <img decoding=\"async\" src=\"\/wp-content\/uploads\/2021\/10\/technology-cover-a-2.jpg\" alt=\"Farplas\" class=\"strech\">\n            <\/div>\n        <\/div>\n\n        <div class=\"motto-home t_center\">\n            <h2>\u00dcR\u00dcNLER<\/h2>\n            <p class=\"y32\">Geli\u015fmi\u015f otomotiv polimer sistemlerini ara\u015ft\u0131r\u0131r, \u00fcretir, geli\u015ftirir ve  m\u00fc\u015fterilerimize inovatif \u00e7\u00f6z\u00fcmler sunar\u0131z. Mobiliteyi, g\u00fcvenilir, verimli ve uygun maliyetli hale getirmek i\u00e7in ileri teknolojileri uygular\u0131z. <\/p>\n        <\/div>\n\n        <div class=\"production-image t_center\">\n            <img decoding=\"async\" id=\"production-img\" src=\"\/wp-content\/uploads\/2021\/10\/production-image-1.png\" alt=\"Farplas\">\n        <\/div>\n        \n<\/div>\n<\/section>\n\n\n\n<section class=\"news-zone\">\n            <div class=\"pg\">\n                <h2>MEDYA MERKEZ\u0130<\/h2>\n           <!-- slick slide start :news --><div class=\"slick-slide-cover slick-partial slick-flat slick-featured \" data-respsetting=\"3|3|3|2|2|1\" data-center=\"false\" data-loop=\"true\" data-autoplay=\"7000\" data-dots=\"false\" data-arrows=\"true\"><div class=\"slick-use\"><article>\n            <div class=\"img\">\n                <img decoding=\"async\" src=\"https:\/\/www.farplas.com\/wp-content\/uploads\/2025\/03\/Farplas_SR_23_TR-UYG23_page-0001-1.jpg\" alt=\"Farplas&#8217;\u0131n \u0130lk S\u00fcrd\u00fcr\u00fclebilirlik Raporu Yay\u0131nda!\">\n            <\/div>\n            <div class=\"text\">\n                <div class=\"fac fac-actions no\">\n                    <span class=\"cl autow\">\n                        <a href=\"https:\/\/www.farplas.com\/tr\/.\/medya-merkezi-html\/bizden-haberler\/\">B\u0130ZDEN HABERLER<\/a>\n                    <\/span>\n                    <span class=\"cl autow\">\n                        4 Dak\n                    <\/span>\n                    <span class=\"cl autow\">\n                        Mar 19, 2025\n                    <\/span>\n                <\/div>\n                <h2>\n                   Farplas&#8217;\u0131n \u0130lk S\u00fcrd\u00fcr\u00fclebilirlik Raporu Yay\u0131nda!\n                <\/h2>\n                 S\u00fcrd\u00fcr\u00fclebilirlik Raporumuz ile \u015feffafl\u0131k ve hesap verebilirlik yakla\u015f\u0131m\u0131m\u0131z\u0131 peki\u015ftiriyoruz. S\u00fcrd\u00fcr\u00fclebilir bir gelecek i\u00e7in att\u0131\u011f\u0131m\u0131z ad\u0131mlar\u0131 payla\u015fmaktan gurur duyuyoruz. \n            <\/div>\n            <a href=\"https:\/\/www.farplas.com\/tr\/medya-merkezi-html\/bizden-haberler\/2025\/farplasin-ilk-surdurulebilirlik-raporu-yayindabias-projesi\/\" class=\"stick\">Learn More<\/a>\n        <\/article><article>\n            <div class=\"img\">\n                <img decoding=\"async\" src=\"https:\/\/www.farplas.com\/wp-content\/uploads\/2023\/02\/Emin-Atac-Farplas-CEO.jpg\" alt=\"Emin Ata\u00e7, TAYSAD Dergisi&#8217;nin 129. say\u0131s\u0131nda, \u201cCumhuriyetin 100. Y\u0131l\u0131nda Otomotiv Sanayi\u201dden bahsetti\">\n            <\/div>\n            <div class=\"text\">\n                <div class=\"fac fac-actions no\">\n                    <span class=\"cl autow\">\n                        <a href=\"https:\/\/www.farplas.com\/tr\/.\/medya-merkezi-html\/basin\/\">BASIN<\/a>\n                    <\/span>\n                    <span class=\"cl autow\">\n                        5 Min\n                    <\/span>\n                    <span class=\"cl autow\">\n                        \u015eub 7, 2023\n                    <\/span>\n                <\/div>\n                <h2>\n                   Emin Ata\u00e7, TAYSAD Dergisi&#8217;nin 129. say\u0131s\u0131nda, \u201cCumhuriyetin 100. Y\u0131l\u0131nda Otomotiv Sanayi\u201dden bahsetti\n                <\/h2>\n                 Emin Ata\u00e7, TAYSAD Dergisi'nin 129. say\u0131s\u0131nda, \u201cCumhuriyetin 100. Y\u0131l\u0131nda Otomotiv Sanayi\u201dden bahsetti.\n            <\/div>\n            <a href=\"https:\/\/www.farplas.com\/tr\/medya-merkezi-html\/basin\/2023\/emin-atac-cumhuriyetin-100-yilinda-otomotiv-sanayiden-bahsetti\/\" class=\"stick\">Learn More<\/a>\n        <\/article><article>\n            <div class=\"img\">\n                <img decoding=\"async\" src=\"https:\/\/www.farplas.com\/wp-content\/uploads\/2022\/12\/CES-Banner-23-1920x1080-1.jpg\" alt=\"Farplas Otomotiv ve Fark Labs Las Vegas CES 2023 Fuar\u0131nda\">\n            <\/div>\n            <div class=\"text\">\n                <div class=\"fac fac-actions no\">\n                    <span class=\"cl autow\">\n                        <a href=\"https:\/\/www.farplas.com\/tr\/.\/medya-merkezi-html\/etkinlik\/\">ETK\u0130NL\u0130K<\/a><a href=\"https:\/\/www.farplas.com\/tr\/.\/medya-merkezi-html\/\">MEDYA MERKEZ\u0130<\/a>\n                    <\/span>\n                    <span class=\"cl autow\">\n                        5 Min\n                    <\/span>\n                    <span class=\"cl autow\">\n                        Ara 19, 2022\n                    <\/span>\n                <\/div>\n                <h2>\n                   Farplas Otomotiv ve Fark Labs Las Vegas CES 2023 Fuar\u0131nda\n                <\/h2>\n                 Farplas Otomotiv ve mobilite inovasyon merkezi Fark Labs, 5-8 Ocak 2023 tarihleri aras\u0131nda Las Vegas'ta ger\u00e7ekle\u015ftirilecek olan 2023 T\u00fcketici Elektroni\u011fi Fuar\u0131'na (CES) kat\u0131ld\u0131klar\u0131n\u0131 duyurmaktan mutluluk duyar. \n            <\/div>\n            <a href=\"https:\/\/www.farplas.com\/tr\/medya-merkezi-html\/2022\/farplas-otomotiv-ve-fark-labs-las-vegas-ces-2023-fuarinda\/\" class=\"stick\">Learn More<\/a>\n        <\/article><article>\n            <div class=\"img\">\n                <img decoding=\"async\" src=\"https:\/\/www.farplas.com\/wp-content\/uploads\/2022\/10\/BIAS-LOGO.jpg\" alt=\"BIAS Projesi\">\n            <\/div>\n            <div class=\"text\">\n                <div class=\"fac fac-actions no\">\n                    <span class=\"cl autow\">\n                        <a href=\"https:\/\/www.farplas.com\/tr\/.\/medya-merkezi-html\/bizden-haberler\/\">B\u0130ZDEN HABERLER<\/a>\n                    <\/span>\n                    <span class=\"cl autow\">\n                        4 Dak\n                    <\/span>\n                    <span class=\"cl autow\">\n                        Eki 28, 2022\n                    <\/span>\n                <\/div>\n                <h2>\n                   BIAS Projesi\n                <\/h2>\n                 \u0130\u015fe al\u0131m s\u00fcre\u00e7lerinde \u00f6n yarg\u0131lar\u0131 y\u0131kmak ve yapay zekan\u0131n kullan\u0131m\u0131n\u0131 iyile\u015ftirmek ad\u0131na katk\u0131 sa\u011flad\u0131\u011f\u0131m\u0131z BIAS projesinin detaylar\u0131n\u0131, sizlerle payla\u015f\u0131yoruz\n            <\/div>\n            <a href=\"https:\/\/www.farplas.com\/tr\/medya-merkezi-html\/bizden-haberler\/2022\/bias-projesi\/\" class=\"stick\">Learn More<\/a>\n        <\/article><article>\n            <div class=\"img\">\n                <img decoding=\"async\" src=\"https:\/\/www.farplas.com\/wp-content\/uploads\/2022\/09\/Farplas-Memotive-1.jpg\" alt=\"Farplas Otomotiv\u2019in \u0130\u00e7 Giri\u015fimlerinden Memotive, Spin-Off Oldu\">\n            <\/div>\n            <div class=\"text\">\n                <div class=\"fac fac-actions no\">\n                    <span class=\"cl autow\">\n                        <a href=\"https:\/\/www.farplas.com\/tr\/.\/medya-merkezi-html\/bizden-haberler\/\">B\u0130ZDEN HABERLER<\/a><a href=\"https:\/\/www.farplas.com\/tr\/.\/medya-merkezi-html\/etkinlik\/\">ETK\u0130NL\u0130K<\/a>\n                    <\/span>\n                    <span class=\"cl autow\">\n                        4 Dak\n                    <\/span>\n                    <span class=\"cl autow\">\n                        Eyl 1, 2022\n                    <\/span>\n                <\/div>\n                <h2>\n                   Farplas Otomotiv\u2019in \u0130\u00e7 Giri\u015fimlerinden Memotive, Spin-Off Oldu\n                <\/h2>\n                 Farplas Otomotiv\u2019in b\u00fcnyesinde d\u00fczenlenen FIGY (Farplas \u0130\u00e7 Giri\u015fimcilik Yar\u0131\u015fmas\u0131) ile \u00f6d\u00fcl alan, \u00e7al\u0131\u015fan deneyimini iyile\u015ftirme fikri ...\n            <\/div>\n            <a href=\"https:\/\/www.farplas.com\/tr\/medya-merkezi-html\/etkinlik\/2022\/farplas-otomotivin-ic-girisimlerinden-memotive-spin-off-oldu\/\" class=\"stick\">Learn More<\/a>\n        <\/article><article>\n            <div class=\"img\">\n                <img decoding=\"async\" src=\"https:\/\/www.farplas.com\/wp-content\/uploads\/2022\/07\/Comodif-1.jpg\" alt=\"Farplas Otomotiv&#8217;in \u0130lk \u0130\u00e7 Giri\u015fimi Comodif, Spin-Off Oldu\">\n            <\/div>\n            <div class=\"text\">\n                <div class=\"fac fac-actions no\">\n                    <span class=\"cl autow\">\n                        <a href=\"https:\/\/www.farplas.com\/tr\/.\/medya-merkezi-html\/bizden-haberler\/\">B\u0130ZDEN HABERLER<\/a><a href=\"https:\/\/www.farplas.com\/tr\/.\/medya-merkezi-html\/etkinlik\/\">ETK\u0130NL\u0130K<\/a>\n                    <\/span>\n                    <span class=\"cl autow\">\n                        4 Dak\n                    <\/span>\n                    <span class=\"cl autow\">\n                        Tem 21, 2022\n                    <\/span>\n                <\/div>\n                <h2>\n                   Farplas Otomotiv&#8217;in \u0130lk \u0130\u00e7 Giri\u015fimi Comodif, Spin-Off Oldu\n                <\/h2>\n                 Ak\u0131ll\u0131 s\u00fcr\u00fc\u015f deste\u011fi sunan ilk i\u00e7 giri\u015fimimiz Comodif, Fark Labs \u0130novasyon Merkezi\u2019ndeki h\u0131zland\u0131rma s\u00fcrecinin ard\u0131ndan, spin-off s\u00fcrecini tamamlad\u0131.\n            <\/div>\n            <a href=\"https:\/\/www.farplas.com\/tr\/medya-merkezi-html\/etkinlik\/2022\/farplas-otomotivin-ilk-ic-girisimi-comodif-spin-off-oldu\/\" class=\"stick\">Learn More<\/a>\n        <\/article><\/div><\/div><!-- slick slide end -->\n            <\/div>\n        <\/section>\n","protected":false},"excerpt":{"rendered":"<p>DE\u011eERLER En b\u00fcy\u00fck varl\u0131\u011f\u0131m\u0131z insan. Her \u015feyin insanla ba\u015flay\u0131p insanla bitti\u011fine inan\u0131yoruz. Cinsiyet e\u015fitli\u011fi, \u00e7e\u015fitlilik, kapsay\u0131c\u0131l\u0131k, \u015feffafl\u0131k ve birliktelik zekas\u0131n\u0131 benimsiyoruz. Daha fazla 5P MINDSET \u0130nsanen \u00f6nemli varl\u0131\u011f\u0131m\u0131z Dayan\u0131kl\u0131l\u0131ktavr\u0131m\u0131z Ama\u00e7itici g\u00fcc\u00fcm\u00fcz \u0130lerlemeg\u00fcnl\u00fck dozumuz Tutkuenerji kayna\u011f\u0131m\u0131z TEKNOLOJ\u0130 Ara\u00e7 s\u00fcr\u00fc\u015f deneyiminizdeki i\u015flevselli\u011fi, tasar\u0131m\u0131, g\u00fcvenli\u011fi, sat\u0131n al\u0131nabilirli\u011fi ve s\u00fcrd\u00fcr\u00fclebilirli\u011fi ileri seviyeye ta\u015f\u0131mak i\u00e7in sab\u0131rs\u0131zlan\u0131yoruz. Teknoloji, ba\u015far\u0131m\u0131z\u0131n arkas\u0131ndaki itici&hellip; <a class=\"more-link\" href=\"https:\/\/www.farplas.com\/tr\/medya-merkezi-html\/etkinlik\/2022\/farplas-otomotivin-ilk-ic-girisimi-comodif-spin-off-oldu\/\">Okumaya devam et <span class=\"screen-reader-text\">Farplas Otomotiv&#8217;in \u0130lk \u0130\u00e7 Giri\u015fimi Comodif, Spin-Off Oldu<\/span><\/a><\/p>\n","protected":false},"author":1,"featured_media":0,"parent":0,"menu_order":0,"comment_status":"closed","ping_status":"open","template":"","meta":{"_acf_changed":false,"inline_featured_image":false,"footnotes":""},"class_list":["post-3249","page","type-page","status-publish","hentry","entry"],"acf":[],"_links":{"self":[{"href":"https:\/\/www.farplas.com\/tr\/wp-json\/wp\/v2\/pages\/3249","targetHints":{"allow":["GET"]}}],"collection":[{"href":"https:\/\/www.farplas.com\/tr\/wp-json\/wp\/v2\/pages"}],"about":[{"href":"https:\/\/www.farplas.com\/tr\/wp-json\/wp\/v2\/types\/page"}],"author":[{"embeddable":true,"href":"https:\/\/www.farplas.com\/tr\/wp-json\/wp\/v2\/users\/1"}],"replies":[{"embeddable":true,"href":"https:\/\/www.farplas.com\/tr\/wp-json\/wp\/v2\/comments?post=3249"}],"version-history":[{"count":17,"href":"https:\/\/www.farplas.com\/tr\/wp-json\/wp\/v2\/pages\/3249\/revisions"}],"predecessor-version":[{"id":4831,"href":"https:\/\/www.farplas.com\/tr\/wp-json\/wp\/v2\/pages\/3249\/revisions\/4831"}],"wp:attachment":[{"href":"https:\/\/www.farplas.com\/tr\/wp-json\/wp\/v2\/media?parent=3249"}],"curies":[{"name":"wp","href":"https:\/\/api.w.org\/{rel}","templated":true}]}}