{"id":1768,"date":"2021-10-19T19:17:31","date_gmt":"2021-10-19T16:17:31","guid":{"rendered":"https:\/\/farplas.sipa.web.tr\/?page_id=1768"},"modified":"2021-12-14T10:00:12","modified_gmt":"2021-12-14T07:00:12","slug":"homepage-kr","status":"publish","type":"page","link":"https:\/\/www.farplas.com\/ko\/","title":{"rendered":"Homepage @KR"},"content":{"rendered":"<section class=\"welcome welcome-home welcome-slide\"><\/section>\n\n\n\n<section class=\"motto-home\">\n            <div class=\"pg\">\n            <h2>\ubb38\ud654\uc640 \uac00\uce58<\/h2>\n            <p class=\"y32\">\uc0ac\ub78c\uc740 \uc6b0\ub9ac\uc758 \uac00\uc7a5 \ud070 \uc790\uc0b0\uc785\ub2c8\ub2e4. \uc6b0\ub9ac\ub294 \ubaa8\ub4e0 \uac83\uc758 \uc2dc\uc791\uacfc \ub05d\uc774 \uc0ac\ub78c\uc5d0 \uc758\ud574 \uc774\ub8e8\uc5b4 \uc9c4\ub2e4\uace0 \ubbff\uc2b5\ub2c8\ub2e4. \uc6b0\ub9ac\ub294 \uc131\ud3c9\ub4f1, \ub2e4\uc591\uc131, \ud3ec\uc6a9\uc131, \ud22c\uba85\uc131 \ubc0f \ud1b5\ud569\uc801\uc778 \ucc3d\uc758\uc131\uc744 \uc218\uc6a9\ud569\ub2c8\ub2e4. \uc790\uc138\ud788 \uc54c\uae30<\/p>\n            <p class=\"actions\">\n                <a href=\"\/ko\/people\/\" class=\"button mini anim noborder\"><em>\uc790\uc138\ud788 \ubcf4\uae30 <i class=\"farp icon-arrow-right\"><\/i><\/em><\/a>\n            <\/p>\n            <\/div>\n        <\/section>\n\n\n\n<section class=\"five-points closer\">\n            <div class=\"pg\">\n                <div class=\"fc fac-five-point\">\n                    <div class=\"cl c50\">\n                        <div class=\"red-points\">\n                            <h2><strong>\uc815\uc2e0<\/strong><\/h2>\n                            <img decoding=\"async\" src=\"\/wp-content\/uploads\/2021\/10\/fivepoints-wirebox.png\" alt=\"Mindset\" class=\"natural\">\n                            <a class=\"point one\"><em class=\"one\">\uc0ac\ub78c<\/em><em class=\"two\">\uc0ac\ub78c \uc740 \uc6b0\ub9ac\uc758 \uac00\uc7a5 \ud070 \uc790\uc0b0\uc774\ub2e4<\/em><\/a>\n                            <a class=\"point two\"><em class=\"one\">\ubaa9\uc801<\/em><em class=\"two\">\ubaa9\uc801 \uc740 \uc6b0\ub9ac\uc758 \ucd94\uc9c4\ub825\uc774\ub2e4 <\/em><\/a>\n                            <a class=\"point three\"><em class=\"one\">\ubc1c\uc804<\/em><em class=\"two\">\ubc1c\uc804 \uc740 \uc6b0\ub9ac\uc758 \ub9e4\uc77c \ubaa9\ud45c\uc774\ub2e4<\/em><\/a>\n                            <a class=\"point four\"><em class=\"one\">\uc5f4\uc815<\/em><em class=\"two\">\uc5f4\uc815 \uc740 \uc6b0\ub9ac\uc758 \uc5d0\ub108\uc9c0 \uadfc\uc6d0\uc774\ub2e4<\/em><\/a>\n                            <a class=\"point five\"><em class=\"one\">\ub048\uae30<\/em><em class=\"two\">\ub048\uae30 \ub294 \uc6b0\ub9ac\uc758 \uc790\uc138\uc774\ub2e4<\/em><\/a>\n                        <\/div>\n                    <\/div>\n                    <div class=\"cl c50\">\n                        <!-- fivepoints slide  -->\n                        \n                    <\/div>\n                <\/div>\n            <\/div>\n        <\/section>\n\n\n\n<section class=\"dark-zone closer\">\n<div class=\"pg\">\n\n<\/div>\n<\/section>\n\n\n\n<section class=\"soft-gray-zone full closer\">\n    <div class=\"pg\">\n        <div class=\"motto-home\">\n            <h2>\uae30\uc220<\/h2>\n            <p class=\"y32 t_gray\">\uc6b0\ub9ac\ub294 \uae30\ub2a5, \uc124\uacc4, \uc548\uc804, \uacbd\uc81c\uc131, \uadf8\ub9ac\uace0 \uc9c0\uc18d\uc131\uc744 \ud55c \ub2e8\uacc4 \ub354 \ud5a5\uc0c1\uc2dc\ud0a8 \uc6b4\uc804 \uacbd\ud5d8\uc744 \ub9cc\ub4e4\uae30 \uc704\ud558\uc5ec \ucd5c\uc120\uc744 \ub2e4\ud558\uace0 \uc788\uc2b5\ub2c8\ub2e4.<\/p>\n            <p class=\"actions\">\n                <a href=\"\/ko\/technology\/\" class=\"button mini anim noborder\"><em>\uc790\uc138\ud788 \ubcf4\uae30 <i class=\"farp icon-arrow-right\"><\/i><\/em><\/a>\n            <\/p>\n        <\/div>\n\n        <div class=\"fac fac-technology-home\">\n            <div class=\"cl ca2\">\n                <img decoding=\"async\" src=\"\/wp-content\/uploads\/2021\/10\/technology-cover-a-1.jpg\" alt=\"Farplas\" class=\"strech\">\n            <\/div>\n            <div class=\"cl ca1\">\n                <img decoding=\"async\" src=\"\/wp-content\/uploads\/2021\/10\/technology-cover-a-2.jpg\" alt=\"Farplas\" class=\"strech\">\n            <\/div>\n        <\/div>\n\n        <div class=\"motto-home t_center\">\n            <h2> \uc81c\ud488 <\/h2>\n            <p class=\"y32\">\ud30c\ud50c\ub7ec\uc2a4\ub294 \uc6b0\uc218\ud55c \uc790\ub3d9\ucc28 \ud3f4\ub9ac\uba38 \uc2dc\uc2a4\ud15c\uc744 \uc5f0\uad6c, \uac1c\ubc1c, \uc81c\uc870\ud558\uace0, \ud601\uc2e0\uc801\uc778 \ud574\uacb0 \ubc29\uc548\uc744 \uc81c\uc2dc\ud558\uba70, \uc6b4\uc1a1\uc218\ub2e8\uc5d0 \ubcf4\ub2e4 \uc548\uc804\ud558\uace0 \uc2e0\ub8b0\uc131\uc774 \uc788\uc73c\uba70 \uacbd\uc81c\uc801\uc774\uba74\uc11c \ud6a8\uacfc\uc801\uc778 \ucca8\ub2e8 \uae30\uc220\uc744 \uc801\uc6a9\ud558\uace0 \uc788\uc2b5\ub2c8\ub2e4.<\/p>\n        <\/div>\n\n        <div class=\"production-image t_center\">\n            <img decoding=\"async\" id=\"production-img\" src=\"\/wp-content\/uploads\/2021\/10\/production-image-1.png\" alt=\"Farplas\">\n        <\/div>\n        \n<\/div>\n<\/section>\n\n\n\n<section class=\"news-zone\">\n            <div class=\"pg\">\n                <h2>\ub274\uc2a4\uc640 \uc2a4\ud1a0\ub9ac<\/h2>\n           <!-- slick slide start :news --><div class=\"slick-slide-cover slick-partial slick-flat slick-featured \" data-respsetting=\"3|3|3|2|2|1\" data-center=\"false\" data-loop=\"true\" data-autoplay=\"7000\" data-dots=\"false\" data-arrows=\"true\"><div class=\"slick-use\"><article>\n            <div class=\"img\">\n                <img decoding=\"async\" src=\"https:\/\/www.farplas.com\/wp-content\/uploads\/2022\/07\/Comodif-1.jpg\" alt=\"Comod\u0131f, Farplas Automot\u0131ve&#8217;s F\u0131rst Venture, Has Spun-Off\">\n            <\/div>\n            <div class=\"text\">\n                <div class=\"fac fac-actions no\">\n                    <span class=\"cl autow\">\n                        <a href=\"https:\/\/www.farplas.com\/.\/news\/events\/\">EVENTS<\/a><a href=\"https:\/\/www.farplas.com\/.\/news\/events\/\">EVENTS<\/a><a href=\"https:\/\/www.farplas.com\/ko\/.\/news-from-us-ko\/\">NEWS FROM US<\/a>\n                    <\/span>\n                    <span class=\"cl autow\">\n                        4 Min\n                    <\/span>\n                    <span class=\"cl autow\">\n                        7\uc6d4 21, 2022\n                    <\/span>\n                <\/div>\n                <h2>\n                   Comod\u0131f, Farplas Automot\u0131ve&#8217;s F\u0131rst Venture, Has Spun-Off\n                <\/h2>\n                 Aykut Ba\u015fol, our Chief Operations Officer, has worked with Farplas for almost 20 years and has held a lot of significant responsibilities.\n            <\/div>\n            <a href=\"https:\/\/www.farplas.com\/ko\/news\/events\/2022\/comodif-farplas-automotives-first-venture-has-spun-off\/\" class=\"stick\">Learn More<\/a>\n        <\/article><article>\n            <div class=\"img\">\n                <img decoding=\"async\" src=\"https:\/\/www.farplas.com\/wp-content\/uploads\/2022\/06\/Aykut-Basol.jpg\" alt=\"Aykut Ba\u015fol, Chief Operations Officer of Farplas has been appointed as &#8220;TEAM Organization Global Chairman\u201d\">\n            <\/div>\n            <div class=\"text\">\n                <div class=\"fac fac-actions no\">\n                    <span class=\"cl autow\">\n                        <a href=\"https:\/\/www.farplas.com\/.\/news\/events\/\">EVENTS<\/a><a href=\"https:\/\/www.farplas.com\/ko\/.\/news-from-us-ko\/\">NEWS FROM US<\/a>\n                    <\/span>\n                    <span class=\"cl autow\">\n                        4 Min\n                    <\/span>\n                    <span class=\"cl autow\">\n                        6\uc6d4 22, 2022\n                    <\/span>\n                <\/div>\n                <h2>\n                   Aykut Ba\u015fol, Chief Operations Officer of Farplas has been appointed as &#8220;TEAM Organization Global Chairman\u201d\n                <\/h2>\n                 Aykut Ba\u015fol, our Chief Operations Officer, has worked with Farplas for almost 20 years and has held a lot of significant responsibilities.\n            <\/div>\n            <a href=\"https:\/\/www.farplas.com\/ko\/news\/events\/2022\/aykut-basol-chief-operations-officer-of-farplas-has-been-appointed-as-team-organization-global-chairman\/\" class=\"stick\">Learn More<\/a>\n        <\/article><article>\n            <div class=\"img\">\n                <img decoding=\"async\" src=\"https:\/\/www.farplas.com\/wp-content\/uploads\/2021\/12\/ces-lasvegas-jan-5-8.jpg\" alt=\"Farplas Automotive and Fark Labs to showcase creative solutions for urban mobility at CES 2022\">\n            <\/div>\n            <div class=\"text\">\n                <div class=\"fac fac-actions no\">\n                    <span class=\"cl autow\">\n                        <a href=\"https:\/\/www.farplas.com\/.\/news\/events\/\">EVENTS<\/a><a href=\"https:\/\/www.farplas.com\/.\/news\/events\/\">EVENTS<\/a>\n                    <\/span>\n                    <span class=\"cl autow\">\n                        \n                    <\/span>\n                    <span class=\"cl autow\">\n                        4\uc6d4 10, 2022\n                    <\/span>\n                <\/div>\n                <h2>\n                   Farplas Automotive and Fark Labs to showcase creative solutions for urban mobility at CES 2022\n                <\/h2>\n                 pleased to announce their participation in the upcoming 2022 Consumer Electronics Show (CES) in Las Vegas, from January 5 to 8, 2022. \n            <\/div>\n            <a href=\"https:\/\/www.farplas.com\/ko\/news\/events\/2022\/farplas-automotive-and-fark-labs-to-showcase-creative-solutions-for-urban-mobility-at-ces-2022-2\/\" class=\"stick\">Learn More<\/a>\n        <\/article><article>\n            <div class=\"img\">\n                <img decoding=\"async\" src=\"https:\/\/www.farplas.com\/wp-content\/uploads\/2021\/10\/news-feautred-6-2.jpg\" alt=\"Turkiye&#8217;s Minister Of Industry And Technology, Mustafa Varank, Visited Farplas\">\n            <\/div>\n            <div class=\"text\">\n                <div class=\"fac fac-actions no\">\n                    <span class=\"cl autow\">\n                        <a href=\"https:\/\/www.farplas.com\/.\/news\/corporate\/\">CORPORATE<\/a>\n                    <\/span>\n                    <span class=\"cl autow\">\n                        3 Min\n                    <\/span>\n                    <span class=\"cl autow\">\n                        6\uc6d4 15, 2021\n                    <\/span>\n                <\/div>\n                <h2>\n                   Turkiye&#8217;s Minister Of Industry And Technology, Mustafa Varank, Visited Farplas\n                <\/h2>\n                 During his factory visit, Mr. Varank saw firsthand the parts for TOGG designed and produced by Farplas, its production capability, and R&amp;D projects.&nbsp;&nbsp;&nbsp; Turkiye&#8217;s Industry and Technology Minister, Mr. Mustafa Varank, visited the Farplas \u00c7elikel, Kanca, and Toyotetsu factories in the TOSB Automotive Supply Industry Specialized Organized Industrial Zone. Mr. Varank was accompanied by Kocaeli&hellip; <a class=\"more-link\" href=\"https:\/\/www.farplas.com\/ko\/news\/corporate\/2021\/turkeys-minister-of-industry-and-technology-mustafa-varank-visited-farplas\/\"><span class=\"screen-reader-text\">Turkiye&#8217;s Minister Of Industry And Technology, Mustafa Varank, Visited Farplas<\/span> \uacc4\uc18d \uc77d\uae30<\/a>\n            <\/div>\n            <a href=\"https:\/\/www.farplas.com\/ko\/news\/corporate\/2021\/turkeys-minister-of-industry-and-technology-mustafa-varank-visited-farplas\/\" class=\"stick\">Learn More<\/a>\n        <\/article><article>\n            <div class=\"img\">\n                <img decoding=\"async\" src=\"https:\/\/www.farplas.com\/wp-content\/uploads\/2021\/10\/news-feautred-4-2.jpg\" alt=\"Circular Economy at Farplas\">\n            <\/div>\n            <div class=\"text\">\n                <div class=\"fac fac-actions no\">\n                    <span class=\"cl autow\">\n                        <a href=\"https:\/\/www.farplas.com\/.\/news\/sustainability\/\">SUSTAINABILITY<\/a>\n                    <\/span>\n                    <span class=\"cl autow\">\n                        3 Min\n                    <\/span>\n                    <span class=\"cl autow\">\n                        5\uc6d4 21, 2021\n                    <\/span>\n                <\/div>\n                <h2>\n                   Circular Economy at Farplas\n                <\/h2>\n                 We discussed the circular economy, the circular economy initiatives at Farplas, and the importance of sustainability with Dr. Yavuz Emre Ya\u011fc\u0131, Farplas R&amp;D Manager. What is the circular economy and what does it mean for Farplas? We live in a world with a growing population, increasing consumer demand, and increasingly scarce and expensive natural resources.&hellip; <a class=\"more-link\" href=\"https:\/\/www.farplas.com\/ko\/news\/sustainability\/2021\/circular-economy-at-farplas\/\"><span class=\"screen-reader-text\">Circular Economy at Farplas<\/span> \uacc4\uc18d \uc77d\uae30<\/a>\n            <\/div>\n            <a href=\"https:\/\/www.farplas.com\/ko\/news\/sustainability\/2021\/circular-economy-at-farplas\/\" class=\"stick\">Learn More<\/a>\n        <\/article><article>\n            <div class=\"img\">\n                <img decoding=\"async\" src=\"https:\/\/www.farplas.com\/wp-content\/uploads\/2021\/10\/news-feautred-1-2.jpg\" alt=\"Farplas expands to Romania launches its first international manufacturing plant\">\n            <\/div>\n            <div class=\"text\">\n                <div class=\"fac fac-actions no\">\n                    <span class=\"cl autow\">\n                        <a href=\"https:\/\/www.farplas.com\/.\/news\/corporate\/\">CORPORATE<\/a>\n                    <\/span>\n                    <span class=\"cl autow\">\n                        8 Min\n                    <\/span>\n                    <span class=\"cl autow\">\n                        5\uc6d4 15, 2021\n                    <\/span>\n                <\/div>\n                <h2>\n                   Farplas expands to Romania launches its first international manufacturing plant\n                <\/h2>\n                 We talked to G\u00f6khan Ta\u015far, Plant Executive Director, about Farplas\u2019 latest international expansion in Romania, its growth strategies, and the Farplas and Smart Solutions joint venture. When did Farplas Romania open?Farplas\u2019 manufacturing plant in Romania &#8211; a joint venture between Farplas and Smart Plast Solutions &#8211; officially opened in May 2020. What will be manufactured&hellip; <a class=\"more-link\" href=\"https:\/\/www.farplas.com\/ko\/news\/corporate\/2021\/farplas-expands-to-romania-launches-its-first-international-manufacturing-plant\/\"><span class=\"screen-reader-text\">Farplas expands to Romania launches its first international manufacturing plant<\/span> \uacc4\uc18d \uc77d\uae30<\/a>\n            <\/div>\n            <a href=\"https:\/\/www.farplas.com\/ko\/news\/corporate\/2021\/farplas-expands-to-romania-launches-its-first-international-manufacturing-plant\/\" class=\"stick\">Learn More<\/a>\n        <\/article><\/div><\/div><!-- slick slide end -->\n            <\/div>\n        <\/section>\n","protected":false},"excerpt":{"rendered":"<p>\ubb38\ud654\uc640 \uac00\uce58 \uc0ac\ub78c\uc740 \uc6b0\ub9ac\uc758 \uac00\uc7a5 \ud070 \uc790\uc0b0\uc785\ub2c8\ub2e4. \uc6b0\ub9ac\ub294 \ubaa8\ub4e0 \uac83\uc758 \uc2dc\uc791\uacfc \ub05d\uc774 \uc0ac\ub78c\uc5d0 \uc758\ud574 \uc774\ub8e8\uc5b4 \uc9c4\ub2e4\uace0 \ubbff\uc2b5\ub2c8\ub2e4. \uc6b0\ub9ac\ub294 \uc131\ud3c9\ub4f1, \ub2e4\uc591\uc131, \ud3ec\uc6a9\uc131, \ud22c\uba85\uc131 \ubc0f \ud1b5\ud569\uc801\uc778 \ucc3d\uc758\uc131\uc744 \uc218\uc6a9\ud569\ub2c8\ub2e4. \uc790\uc138\ud788 \uc54c\uae30 \uc790\uc138\ud788 \ubcf4\uae30 \uc815\uc2e0 \uc0ac\ub78c\uc0ac\ub78c \uc740 \uc6b0\ub9ac\uc758 \uac00\uc7a5 \ud070 \uc790\uc0b0\uc774\ub2e4 \ubaa9\uc801\ubaa9\uc801 \uc740 \uc6b0\ub9ac\uc758 \ucd94\uc9c4\ub825\uc774\ub2e4 \ubc1c\uc804\ubc1c\uc804 \uc740 \uc6b0\ub9ac\uc758 \ub9e4\uc77c \ubaa9\ud45c\uc774\ub2e4 \uc5f4\uc815\uc5f4\uc815 \uc740 \uc6b0\ub9ac\uc758 \uc5d0\ub108\uc9c0 \uadfc\uc6d0\uc774\ub2e4 \ub048\uae30\ub048\uae30 \ub294 \uc6b0\ub9ac\uc758 \uc790\uc138\uc774\ub2e4&hellip; <a class=\"more-link\" href=\"https:\/\/www.farplas.com\/ko\/news\/corporate\/2021\/farplas-expands-to-romania-launches-its-first-international-manufacturing-plant\/\"><span class=\"screen-reader-text\">Farplas expands to Romania launches its first international manufacturing plant<\/span> \uacc4\uc18d \uc77d\uae30<\/a><\/p>\n","protected":false},"author":1,"featured_media":0,"parent":0,"menu_order":0,"comment_status":"closed","ping_status":"open","template":"","meta":{"_acf_changed":false,"inline_featured_image":false,"footnotes":""},"class_list":["post-1768","page","type-page","status-publish","hentry","entry"],"acf":[],"_links":{"self":[{"href":"https:\/\/www.farplas.com\/ko\/wp-json\/wp\/v2\/pages\/1768","targetHints":{"allow":["GET"]}}],"collection":[{"href":"https:\/\/www.farplas.com\/ko\/wp-json\/wp\/v2\/pages"}],"about":[{"href":"https:\/\/www.farplas.com\/ko\/wp-json\/wp\/v2\/types\/page"}],"author":[{"embeddable":true,"href":"https:\/\/www.farplas.com\/ko\/wp-json\/wp\/v2\/users\/1"}],"replies":[{"embeddable":true,"href":"https:\/\/www.farplas.com\/ko\/wp-json\/wp\/v2\/comments?post=1768"}],"version-history":[{"count":13,"href":"https:\/\/www.farplas.com\/ko\/wp-json\/wp\/v2\/pages\/1768\/revisions"}],"predecessor-version":[{"id":3078,"href":"https:\/\/www.farplas.com\/ko\/wp-json\/wp\/v2\/pages\/1768\/revisions\/3078"}],"wp:attachment":[{"href":"https:\/\/www.farplas.com\/ko\/wp-json\/wp\/v2\/media?parent=1768"}],"curies":[{"name":"wp","href":"https:\/\/api.w.org\/{rel}","templated":true}]}}