{"id":2785,"date":"2021-10-04T19:25:21","date_gmt":"2021-10-04T16:25:21","guid":{"rendered":"https:\/\/farplas.sipa.web.tr\/company\/"},"modified":"2023-06-18T22:00:24","modified_gmt":"2023-06-18T19:00:24","slug":"societe","status":"publish","type":"page","link":"https:\/\/www.farplas.com\/fr\/societe\/","title":{"rendered":"Soci\u00e9t\u00e9"},"content":{"rendered":"\n<section class=\"about gray-content\" id=\"about\" data-scroll-content=\"\u00c0 propos de Farplas\">\n    <div class=\"pg\">\n        <div class=\"fac fac-content marg\">\n            <div class=\"cl ca3\">\n                <h2>A propos de Farplas Automotive<\/h2>\n                <p class=\"y32\">Nous apportons des solutions compl\u00e8tes \u00e0 l&rsquo;industrie automobile, et visons l&rsquo;excellence dans la fabrication et le d\u00e9veloppement de syst\u00e8mes polym\u00e8res innovants.<\/p>\n                <p class=\"oval-img animate\">\n                    <img decoding=\"async\" src=\"\/wp-content\/uploads\/2023\/04\/webfoto-1.jpg\" alt=\"Farplas\">\n                <\/p>\n            <\/div>\n            <div class=\"cl ca2\">\n                <p>Recherche, d\u00e9veloppement et fabrication de syst\u00e8mes polym\u00e8res automobiles de qualit\u00e9 sup\u00e9rieure, fourniture de solutions innovantes et mise en \u0153uvre des technologies de pointe pour rendre la mobilit\u00e9 plus s\u00fbre, fiable, abordable et efficace.\n <\/p>\n                <p>Parmi les 250 premi\u00e8res entreprises industrielles de Turquie, Farplas est le partenaire des leaders de l&rsquo;industrie automobile depuis plus de 50 ans avec 2 centres de R&amp;D, 6 centres techniques dans 3 pays, 7 sites de production dans 4 pays et 2 000 employ\u00e9s.\n <\/p>\n                <p>Nous disposons en interne de l\u2019ensemble des capacit\u00e9s n\u00e9cessaires pour fournir des solutions enti\u00e8rement int\u00e9gr\u00e9es dans le monde entier et une interface homme-machine efficace pour obtenir d&rsquo;excellents r\u00e9sultats. La production et la gestion de la qualit\u00e9 totale chez Farplas sont bas\u00e9es sur le principe JKK (Ji Kotei Kanketsu), qui signifie en japonais \u00ab\u00a0\u00eatre fier de ce que vous faites\u00a0\u00bb. Tous les membres de nos \u00e9quipes s&rsquo;efforcent d&rsquo;atteindre le bon niveau de qualit\u00e9 directement pendant la production, sans op\u00e9ration de reprise ult\u00e9rieure. La mentalit\u00e9 JKK, notre culture de travail et le syst\u00e8me de gestion de la qualit\u00e9 automobile IATF 16949 nous permettent d\u2019op\u00e9rer suivant les standards les plus \u00e9lev\u00e9s de l\u2019automobile.\n<\/p>\n<p>Notre \u00e9tat d&rsquo;esprit transformateur et notre culture Kaizen nous aident \u00e0 d\u00e9velopper des solutions aux d\u00e9fis futurs de la mobilit\u00e9 et \u00e0 atteindre la comp\u00e9titivit\u00e9-co\u00fbts, l&rsquo;excellence op\u00e9rationnelle et la satisfaction des clients.\n<\/p>\n            <\/div>\n        <\/div>\n    <\/div>\n<\/section>\n\n\n\n<section class=\"locations\" id=\"locations\" data-scroll-content=\"Chiffres cl\u00e9s\">\n    <div class=\"pg\">\n        <div class=\"fac fac-locations marg\">\n            <div class=\"cl ca1\">\n                <h2>FARPLAS DANS LE MONDE <\/h2>\n            <\/div>\n            <div class=\"cl ca1\">\n                <p>Parmi les 250 premi\u00e8res entreprises industrielles de Turquie, Farplas est le partenaire des leaders de l&rsquo;industrie automobile depuis plus de 50 ans avec 2 centres de R&amp;D, 6 centres techniques dans 3 pays, 7 sites de production dans 4 pays et 2 000 employ\u00e9s.<\/p>\n            <\/div>\n        <\/div>\n        <div class=\"world-map\">\n            <img decoding=\"async\" src=\"\/wp-content\/uploads\/2021\/10\/world-map.png\" alt=\"Farplas Worldwide\">\n            <ul class=\"texts\">\n                <li class=\"one\">Depuis 1968<\/li>\n                <li class=\"two action\">7 pays<\/li>\n                <li class=\"three\">2000 employ\u00e9s<\/li>\n                <li class=\"four action\">7 usines<\/li>\n                <li class=\"five action\">4 centres de technologie et de R&amp;D<\/li>\n                <!--<li class=\"six\">200M\u20ac de Chiffre d\u2019Affaires<\/li>-->\n            <\/ul>\n            <ul class=\"points\">\n                <li class=\"fr\"><a>France<\/a><\/li>\n                <li class=\"cr\"><a>Croatie<\/a><\/li>\n                <li class=\"sl hide\"><a>Slovenia<\/a><\/li>\n                <li class=\"ro\"><a>Roumanie<\/a><span class=\"number plant-number\">2<\/span><\/li>\n                <li class=\"tr\"><a>Turquie<\/a><span class=\"number plant-number\">4<\/span><span class=\"number tech-number\">2<\/span><\/li>\n                <li class=\"th\"><a>Tha\u00eflande<\/a><\/li>\n                <li class=\"ch\"><a>Chine<\/a><span class=\"number tech-number\">2<\/span><\/li>\n                <li class=\"sk\"><a>Cor\u00e9e du Sud<\/a><\/li>\n\n            <\/ul>\n        <\/div>\n    <\/div>\n<\/section>\n\n\n\n<section id=\"history\" class=\"history soft-gray-zone full\" data-scroll-content=\"Historique\">\n    <div class=\"pg\">\n        <div class=\"fac fac-history marg\">\n            <div class=\"cl autow\">\n                <h2 class=\"t_red\">Historique<\/h2>\n            <\/div>\n            <div class=\"cl ca1\">\n                <p>De la vente de pi\u00e8ces d\u00e9tach\u00e9es en 1968 \u00e0 une entreprise technologique aujourd\u2019hui de niveau mondial alliant Recherche, Design et Production, d\u00e9couvrez notre histoire.\n<\/p>\n            <\/div>\n        <\/div>\n        <!-- history slide  -->\n        \n        <!-- ## history slide  -->\n    <\/div>\n<\/section>\n\n\n\n<section id=\"values\" class=\"values\" data-scroll-content=\"Valeurs\">\n            <div class=\"pg\">\n                <div class=\"fac fac-values marg\">\n                    <div class=\"cl ca1 text\">\n                        <h2 class=\"t_dark\">Valeurs<\/h2>\n                        <p class=\"y18\">Nous vivons, collaborons et communiquons selon ces cinq principes. Ils nous permettent de rester concentr\u00e9s sur ce qui compte. Au fur et \u00e0 mesure que nous nous exprimons avec nos valeurs, un collectif plus fort se d\u00e9veloppe et permet la transformation.<\/p>\n                        <p class=\"y24\">\n                            <strong class=\"red\">Les personnes<\/strong>  sont notre plus grand atout.\n <br>\n                            <strong class=\"red\">La pers\u00e9v\u00e9rance<\/strong>  est notre attitude.\n <br>\n                            <strong class=\"red\">La raison d\u2019\u00eatre est<\/strong>  notre force motrice.\n <br>\n                            <strong class=\"red\">Le progr\u00e8s<\/strong>  est notre quotidien.\n <br>\n                            <strong class=\"red\">La passion<\/strong>  est notre source d&rsquo;\u00e9nergie.\n\n                        <\/p>\n                    <\/div>\n                    <div class=\"cl ca1 img\">\n                        <p><img decoding=\"async\" src=\"\/wp-content\/uploads\/2021\/11\/5-mindset-fr.png\" alt=\"Farplas\"><\/p>\n                    <\/div>\n                <\/div>\n            <\/div>\n        <\/section>\n\n\n\n<section id=\"corporate-vision\" class=\"corporate-vision\" data-scroll-content=\"Strat\u00e9gie d'entreprise\">\n            <div class=\"pg\">\n                <h2>Strat\u00e9gie d&rsquo;entreprise<\/h2>\n                <p class=\"y32\">Le chemin vers un avenir meilleur<\/p>\n                <div class=\"fac fac-strategy marg\">\n                    <div class=\"cl ca1\">\n                       <p>En tant qu&rsquo;entreprise qui ne cesse de se r\u00e9inventer, nous suivons les tendances mondiales de la mobilit\u00e9 et cr\u00e9ons un nouvel espace en leur sein qui correspond \u00e0 nos valeurs fondamentales. Ainsi, d\u00e8s maintenant et au cours de la prochaine d\u00e9cennie, nous explorons des solutions innovantes dans les domaines de la science des mat\u00e9riaux, l&rsquo;\u00e9lectronique embarqu\u00e9e, la connectivit\u00e9, l&rsquo;\u00e9lectrification, la micro-mobilit\u00e9, la conduite autonome et celui des syst\u00e8mes de vision.\n<\/p>\n                        <p>B\u00e2tir la responsabilisation des personnes par l&rsquo;autonomie est une philosophie que nous cultivons. Notre objectif est de construire gr\u00e2ce \u00e0 la collaboration un avenir meilleur avec nos \u00e9quipes agiles, l\u00e9g\u00e8res, polyvalentes et multiculturelles. Promouvoir un \u00e9tat d&rsquo;esprit opportuniste et entrepreneurial nous permet d&rsquo;\u00eatre plus cr\u00e9atifs et innovants.\n<\/p>\n                        <p>Les progr\u00e8s de la num\u00e9risation sont indispensables pour se pr\u00e9parer \u00e0 l&rsquo;avenir. Nous optimisons en permanence notre gestion des connaissances, nos processus num\u00e9ris\u00e9s et nos analyses de donn\u00e9es en temps r\u00e9el pour acc\u00e9l\u00e9rer les capacit\u00e9s num\u00e9riques de Farplas.\n<\/p>\n                        <p>La croissance continue nous stimule \u00e0 travailler vers un objectif commun en vue d\u2019aller plus loin, de d\u00e9velopper de nouvelles entreprises et d\u2019enrichir notre portefeuille clients.\n<\/p>\n                    <\/div>\n                    <div class=\"cl ca1\">\n                        <p>Notre passion pour la technologie fait que nous restons pertinents et comp\u00e9titifs alors que l&rsquo;industrie automobile subit une transformation fondamentale entra\u00een\u00e9e par l&rsquo;\u00e9volution des pr\u00e9f\u00e9rences des consommateurs. Nous nous concentrons sur le d\u00e9veloppement de syst\u00e8mes de production et d\u2019ing\u00e9nierie de pointe, de nouvelles technologies de mat\u00e9riaux et de produits chimiques industriels. Nous visons les produits de g\u00e9n\u00e9ration future, en particulier pour les march\u00e9s de la micro-mobilit\u00e9 et des v\u00e9hicules \u00e9lectriques.\n<\/p>\n \n                        <p>Notre objectif commun est d&rsquo;\u00e9tendre notre \u00e9cosyst\u00e8me \u00e0 travers le r\u00e9seau Fark Labs, nos startups incub\u00e9es et notre branche de capital-risque, F+ Ventures.\n<\/p>\n \n                        <p>Nous cherchons \u00e0 b\u00e9n\u00e9ficier de l&rsquo;\u00e9cosyst\u00e8me mondial, faire progresser notre savoir-faire et capitaliser sur les donn\u00e9es accumul\u00e9es par les soci\u00e9t\u00e9s de notre groupe via des partenariats technologiques et industriels ainsi que des acquisitions strat\u00e9giques.\n <\/p>\n                    <\/div>\n                <\/div>\n            <\/div>\n        <\/section>\n\n\n\n<section id=\"leadership\" class=\"leadership\" data-scroll-content=\"L'Equipe\">\n    <div class=\"pg\">\n        <h2 class=\"tocenter t_red\"> L&rsquo;EQUIPE<\/h2>\n            <!-- Tabs -->\n            <div class=\"cc-tabs leadership-tabs\" data-mobile-title=\"FARPLAS\" data-skypos=\"false\" data-hash=\"true\">\n                <div class=\"tab-header\">\n                    <p class=\"tab-links desktop\">\n                        <!--<a href=\"#all\" class=\"all active\">ALL<\/a> --><a href=\"#supervisory-board\" class=\"active\">CONSEIL DE SURVEILLANCE<\/a><a href=\"#executive-team\">\u00c9QUIPE EX\u00c9CUTIVE<\/a> <a href=\"#global-team\">\u00c9QUIPE INTERNATIONALE<\/a>\n                    <\/p>\n                <\/div>\n                <div class=\"tab-contents\">\n                    <!-- tab 1 -->\n                    <div class=\"tab-part active\" id=\"supervisory-board\">\n                    <!-- tab content -->\n                    \n                    <!-- # tab content -->\n                    <\/div>\n\n                    <!-- tab 2 -->\n                    <div class=\"tab-part\" id=\"executive-team\">\n                    <!-- tab content -->\n                    \n                    <!-- # tab content -->\n                    <\/div>\n\n                    <!-- tab 3 -->\n                    <div class=\"tab-part\" id=\"global-team\">\n                    <!-- tab content -->\n                    \n                    <!-- # tab content -->\n                    <\/div>\n                <\/div>\n            <\/div>\n            <!-- ## Tabs -->\n    <\/div>\n<\/section>\n\n\n\n<section id=\"customers\" class=\"customers dark-zone full\" data-scroll-content=\"Clients\">\n    <div class=\"pg\">\n        <h2 class=\"t_red\">CLIENTS<\/h2>\n        <p class=\"y18\">Nous travaillons en partenariat avec les principaux constructeurs automobiles mondiaux.\n <\/p>\n<!-- customers logos -->\n       \n<!-- #customers logos -->\n    <\/div>\n<\/section>\n\n\n\n<section id=\"sustainability\" class=\"sustainability soft-gray-zone full closer\" data-scroll-content=\"Durabilit\u00e9\">\n    <div class=\"pg\">\n        <h2 class=\"t_red\">DURABILIT\u00c9<\/h2>\n        <div class=\"fac fac-sustainability marg\">\n            <div class=\"cl autow\">\n                <p>Farplas est fier de participer au Pacte mondial des Nations Unies, la plus grande initiative au monde de d\u00e9veloppement durable des entreprises. L&rsquo;action durable fait partie int\u00e9grante de tout ce que nous faisons. Nous pensons qu&rsquo;avoir un impact positif sur la soci\u00e9t\u00e9, l&rsquo;environnement et le monde est l&rsquo;essence m\u00eame d&rsquo;une entreprise prosp\u00e8re.\n <\/p>\n                <p>Nous nous engageons \u00e0 aligner nos op\u00e9rations, strat\u00e9gies et politiques sur les dix principes du Pacte mondial des Nations Unies en mati\u00e8re de droits de l&rsquo;Homme, du travail, d&rsquo;environnement et de lutte contre la corruption. En \u00e9tablissant une culture d&rsquo;int\u00e9grit\u00e9, nous refl\u00e9tons les concepts de base d&rsquo;\u00e9quit\u00e9, d&rsquo;honn\u00eatet\u00e9 et de respect des personnes et de l&rsquo;environnement dans nos actions commerciales.\n<\/p>\n                <p><strong>Droits de l\u2019Homme<\/strong><br>\n                    Principe 1:\tpromouvoir et respecter la protection du droit international relatif aux Droits de l\u2019Homme ; and<br>\n                    Principe 2:\tveiller \u00e0 ne pas se rendre complices de violations des Droits de l\u2019Homme.\n<\/p>\n                    \n                    <p>\n                        <strong>Normes Internationales du travail\n<\/strong><br>\n                        Principe 3:\trespecter la libert\u00e9 d&rsquo;association et reconna\u00eetre le droit de n\u00e9gociation collective ;<br>\n                        Principe 4:\tcontribuer \u00e0 l&rsquo;\u00e9limination de toutes les formes de travail forc\u00e9 ou obligatoire ;<br>\n                        Principe 5:\tcontribuer \u00e0 l&rsquo;abolition effective du travail des enfants ; <br>\n                        Principe 6:\tcontribuer \u00e0 l&rsquo;\u00e9limination de toute discrimination en mati\u00e8re d&#8217;emploi.\n                    <\/p>\n            <\/div>\n            <div class=\"cl ca1\">\n                <p><img decoding=\"async\" src=\"\/wp-content\/uploads\/2021\/10\/un-global-compact.png\" alt=\"Farplas\"><\/p>\n                <p style=\"margin-top: auto;padding-top: 20px;\"><strong>Environnement<\/strong><br>\n                    Principe 7:\tappliquer l\u2019approche de pr\u00e9caution face aux probl\u00e8mes touchant l\u2019environnement ;<br>\n                    Principe 8:\tprendre des initiatives tendant \u00e0 promouvoir une plus grande responsabilit\u00e9 en mati\u00e8re d\u2019environnement ; \n<br>\n                    Principe 9:\tfavoriser la mise au point et la diffusion de technologies respectueuses de l&rsquo;environnement.\n\n                <\/p>\n                <p>\n                    <strong>Lutte contre la corruption\n<\/strong><br>\n                    Principe 10: agir contre la corruption sous toutes ses formes, y compris l&rsquo;extorsion de fonds et les pots-de-vin.\n\n                <\/p>\n            <\/div>\n        <\/div>\n        <hr>\n        <div class=\"fac fac-sustain-icons marg\">\n            <div class=\"cl ca1\">\n                <p><strong>Farplas contribue \u00e9galement aux Objectifs de D\u00e9veloppement Durable (ODD).\n<\/strong><\/p>\n            <\/div>\n            <div class=\"cl ca3\">\n                <!-- sustain icons grid -->\n                <div class=\"flex-sustain-icons\">\n                    <img decoding=\"async\" src=\"\/wp-content\/uploads\/2021\/10\/sdgs-icon-1.png\" alt=\"Farplas\">\n                    <img decoding=\"async\" src=\"\/wp-content\/uploads\/2021\/10\/sdgs-icon-2.png\" alt=\"Farplas\">\n                    <img decoding=\"async\" src=\"\/wp-content\/uploads\/2021\/10\/sdgs-icon-3.png\" alt=\"Farplas\">\n                    <img decoding=\"async\" src=\"\/wp-content\/uploads\/2021\/10\/sdgs-icon-4.png\" alt=\"Farplas\">\n                    <img decoding=\"async\" src=\"\/wp-content\/uploads\/2021\/10\/sdgs-icon-5.png\" alt=\"Farplas\">\n                    <img decoding=\"async\" src=\"\/wp-content\/uploads\/2021\/10\/sdgs-icon-6.png\" alt=\"Farplas\">\n                    <img decoding=\"async\" src=\"\/wp-content\/uploads\/2021\/10\/sdgs-icon-7.png\" alt=\"Farplas\">\n                    <img decoding=\"async\" src=\"\/wp-content\/uploads\/2021\/10\/sdgs-icon-8.png\" alt=\"Farplas\">\n                    <img decoding=\"async\" src=\"\/wp-content\/uploads\/2021\/10\/sdgs-icon-9.png\" alt=\"Farplas\">\n                    <img decoding=\"async\" src=\"\/wp-content\/uploads\/2021\/10\/sdgs-icon-10.png\" alt=\"Farplas\">\n                    <img decoding=\"async\" src=\"\/wp-content\/uploads\/2021\/10\/sdgs-icon-11.png\" alt=\"Farplas\">\n                    <img decoding=\"async\" src=\"\/wp-content\/uploads\/2021\/10\/sdgs-icon-12.png\" alt=\"Farplas\">\n                    <img decoding=\"async\" src=\"\/wp-content\/uploads\/2021\/10\/sdgs-icon-13.png\" alt=\"Farplas\">\n                    <img decoding=\"async\" src=\"\/wp-content\/uploads\/2021\/10\/sdgs-icon-14.png\" alt=\"Farplas\">\n                    <img decoding=\"async\" src=\"\/wp-content\/uploads\/2021\/10\/sdgs-icon-15.png\" alt=\"Farplas\">\n                    <img decoding=\"async\" src=\"\/wp-content\/uploads\/2021\/10\/sdgs-icon-16.png\" alt=\"Farplas\">\n                    <img decoding=\"async\" src=\"\/wp-content\/uploads\/2021\/10\/sdgs-icon-17.png\" alt=\"Farplas\">\n                    <img decoding=\"async\" src=\"\/wp-content\/uploads\/2021\/10\/sdgs-icon-18.png\" alt=\"Farplas\">\n                <\/div>\n                <!-- ##\u00a0sustain icons grid -->\n            <\/div>\n        <\/div>\n        <hr>\n        <div class=\"fac fac-horizon marg\">\n            <div class=\"cl ca1\">\n                <img decoding=\"async\" src=\"\/wp-content\/uploads\/2021\/10\/horizon-logo.png\" alt=\"Horizon\">\n            <\/div>\n            <div class=\"cl ca3\">\n                <p>Depuis plus de dix ans, Farplas dirige plusieurs projets de recherche financ\u00e9s par le gouvernement pour mettre en place de nouvelles pratiques durables pour le secteur automobile, du recyclage aux biomat\u00e9riaux. En 2019, nous avons mis \u00e0 jour nos objectifs de d\u00e9veloppement durable et ajout\u00e9 \u00ab l&rsquo;\u00e9conomie circulaire \u00bb \u00e0 nos principaux objectifs de recherche et d\u00e9veloppement. Nous participons activement \u00e0 plusieurs projets li\u00e9s \u00e0 l&rsquo;\u00e9conomie circulaire dans Horizon 2020, le programme phare de recherche et d&rsquo;innovation de l&rsquo;UE. Nous sommes \u00e9galement responsables d&rsquo;un des projets.\n <\/p>\n\n                <p>Engag\u00e9s \u00e0 laisser un h\u00e9ritage positif durable, nous op\u00e9rons de mani\u00e8re responsable, \u00e9thique et transparente pour construire ensemble un avenir meilleur et durable.\n <\/p>\n                \n            <\/div>\n        <\/div>\n    <\/div>\n    <div class=\"horizon-landscape\">\n        <img decoding=\"async\" src=\"\/wp-content\/uploads\/2021\/10\/horizon-bg.png\" alt=\"Horizon\">\n    <\/div>\n<\/section>\n\n\n\n<section id=\"social-responsibility\" class=\"social-responsibility\" data-scroll-content=\"Responsabilit\u00e9 Sociale\">\n    <div class=\"pg\">\n        <h2>RESPONSABILIT\u00c9 SOCIALE<\/h2>\n        <div class=\"fc fc-social-resp pad start\">\n            <div class=\"cl c60 text\">\n                <p>En tant qu&rsquo;entreprise qui s&rsquo;efforce d&rsquo;avoir un impact social positif, notre mission a toujours \u00e9t\u00e9 d&rsquo;enrichir les communaut\u00e9s et d&rsquo;am\u00e9liorer la vie des gens. Nous finan\u00e7ons des initiatives d&rsquo;\u00e9ducation et de sant\u00e9, investissons dans des programmes qui promeuvent l&rsquo;autonomisation des femmes et soutenons les arts et la culture. En raison de l\u2019ensemble de nos projets de responsabilit\u00e9 sociale, notre fondateur et pr\u00e9sident d&rsquo;honneur Yunus B\u00fcy\u00fckku\u015fo\u011flu figurait sur la liste des \u00ab 50 dirigeants les plus caritatifs de Turquie \u00bb du magazine Capital cons\u00e9cutivement en 2017, 2018 et 2019.\n <\/p>\n\n                <p>Farplas est le sponsor principal de l&rsquo;Arya Women Investment Platform (WIP) depuis sa cr\u00e9ation en 2013. Cr\u00e9\u00e9e par notre Pr\u00e9sidente Ahu B\u00fcy\u00fckku\u015fo\u011flu Serter, Arya WIP est une plateforme d&rsquo;intelligence collaborative qui renforce le leadership f\u00e9minin et soutient les femmes entrepreneurs avec des investissements, des formations, des \u00e9v\u00e9nements, programmes de mentorat et de conseil.\n <\/p>                        \n            <\/div>\n            <div class=\"cl c40 slide\">\n                <p><strong>D\u00e9couvrez comment nous faisons une diff\u00e9rence dans notre communaut\u00e9 :\n<\/strong><\/p>\n                <ul class=\"event-title-list\">\n                    <li><strong>2003<\/strong> Construction d&rsquo;une biblioth\u00e8que pour l&rsquo;\u00e9cole primaire de \u00c7apa.<\/li>\n                    <li><strong>2004<\/strong> Construction de l&rsquo;\u00e9cole primaire et du gymnase Kayseri Melikgazi Fato\u015f B\u00fcy\u00fckku\u015fo\u011flu<\/li>\n                    <li><strong>2005<\/strong> Construction du lyc\u00e9e anatolien Mamak Yunus B\u00fcy\u00fckku\u015fo\u011flu.<\/li>\n                    <li><strong>2006<\/strong> Restauration de l&rsquo;\u00e9cole primaire Kayseri Melikgazi Erciyes.<\/li>\n                    <li><strong>2006<\/strong> Construction de l&rsquo;\u00e9cole primaire Gebze Zeki B\u00fcy\u00fckku\u015fo\u011flu.<\/li>\n                    <li><strong>2008<\/strong> Construction de l&rsquo;\u00e9cole primaire Kayseri Melikgazi Yunus B\u00fcy\u00fckku\u015fo\u011flu.<\/li>\n                    <li><strong>2011<\/strong> Construction de l&rsquo;h\u00f4pital de physioth\u00e9rapie et de r\u00e9adaptation Ma\u00e7ka \u00d6mer Burhano\u011flu.<\/li>\n                    <li><strong>2013<\/strong> Devient le sponsor principal d&rsquo;Arya Women Investment Platform.<\/li>\n                    <li><strong>2016<\/strong> a r\u00e9pondu aux besoins du Centre d&rsquo;\u00e9ducation sp\u00e9ciale appliqu\u00e9e Gebze Yumrukaya et agrandi ses salles de classe.<\/li>\n                    <li><strong>2017<\/strong> a r\u00e9pondu aux besoins du centre d&rsquo;application pour l&rsquo;\u00e9ducation sp\u00e9cialis\u00e9e Gebze Yumrukaya et agrandi ses salles de classe.<\/li>\n                    <li><strong>2017<\/strong> Distribution du livre \u00ab Women&rsquo;s Rights Search Guide \u00bb \u00e0 l&rsquo;occasion de la Journ\u00e9e internationale de la femme.<\/li>\n                    <li><strong>2017<\/strong> Don de livres \u00e0 l&rsquo;\u00e9cole primaire Zeki B\u00fcy\u00fckku\u015fo\u011flu.<\/li>\n                    <li><strong>2018<\/strong> R\u00e9novation des sanitaires de l&rsquo;\u00e9cole primaire Gebze Beylikba\u011f\u0131 et construction d&rsquo;une salle de jeux pour l&rsquo;\u00e9cole.\n<\/li>\n                    <li><strong>2018<\/strong> Don de 20 000 $ au programme de r\u00e9compenses pour les femmes fortes d&rsquo;Arya WIP. Le prix a ensuite \u00e9t\u00e9 d\u00e9cern\u00e9 \u00e0 la New Beginnings Association, qui vise \u00e0 r\u00e9ins\u00e9rer les enfants maltrait\u00e9s.<\/li>\n                    <li><strong>2018<\/strong> Construction du d\u00e9partement C\u00e9ramique pour l&rsquo;Universit\u00e9 des Beaux-Arts de Bodrum S\u0131tk\u0131 Ko\u00e7man.\n<\/li>\n                    <li><strong>2018<\/strong> Don de jouets \u00e0 l&rsquo;association \u00ab Veux-tu jouer avec moi ? campagne \u00e0 l&rsquo;\u00e9cole primaire Gebze Beylikba\u011f\u0131.<\/li>\n                    <li><strong>2018<\/strong> A commenc\u00e9 \u00e0 offrir des bourses d&rsquo;\u00e9tudes continues aux employ\u00e9s de Farplas en l&rsquo;honneur de nos coll\u00e8gues d\u00e9c\u00e9d\u00e9s.<\/li>\n                    <li><strong>2019<\/strong> Organisation \u00e0 K\u0131z\u0131lay d&rsquo;une campagne de don volontaire de sang.<\/li>\n                    <li><strong>2020<\/strong> Construction de logements de police \u00e0 Bodrum, Mu\u011fla.<\/li>    \n                    <li><strong>2021<\/strong> Construction d&rsquo;un centre de sant\u00e9 publique \u00e0 Bodrum, Mu\u011fla.<\/li>\n                <\/ul>\n                <p class=\"closer ul-action\"><a href=\"javascript:;\" class=\"scroll-target\" data-target=\".event-title-list\"><i class=\"farp icon-arrow-down-solid\"><\/i><\/a>\n            <\/p><\/div>\n        <\/div>\n    <\/div>\n<\/section>\n","protected":false},"excerpt":{"rendered":"<p>A propos de Farplas Automotive Nous apportons des solutions compl\u00e8tes \u00e0 l&rsquo;industrie automobile, et visons l&rsquo;excellence dans la fabrication et le d\u00e9veloppement de syst\u00e8mes polym\u00e8res innovants. Recherche, d\u00e9veloppement et fabrication de syst\u00e8mes polym\u00e8res automobiles de qualit\u00e9 sup\u00e9rieure, fourniture de solutions innovantes et mise en \u0153uvre des technologies de pointe pour rendre la mobilit\u00e9 plus s\u00fbre,&hellip; <a class=\"more-link\" href=\"https:\/\/www.farplas.com\/fr\/societe\/\">Poursuivre la lecture <span class=\"screen-reader-text\">Soci\u00e9t\u00e9<\/span><\/a><\/p>\n","protected":false},"author":1,"featured_media":0,"parent":0,"menu_order":0,"comment_status":"closed","ping_status":"open","template":"","meta":{"_acf_changed":false,"inline_featured_image":false,"footnotes":""},"class_list":["post-2785","page","type-page","status-publish","hentry","entry"],"acf":[],"_links":{"self":[{"href":"https:\/\/www.farplas.com\/fr\/wp-json\/wp\/v2\/pages\/2785","targetHints":{"allow":["GET"]}}],"collection":[{"href":"https:\/\/www.farplas.com\/fr\/wp-json\/wp\/v2\/pages"}],"about":[{"href":"https:\/\/www.farplas.com\/fr\/wp-json\/wp\/v2\/types\/page"}],"author":[{"embeddable":true,"href":"https:\/\/www.farplas.com\/fr\/wp-json\/wp\/v2\/users\/1"}],"replies":[{"embeddable":true,"href":"https:\/\/www.farplas.com\/fr\/wp-json\/wp\/v2\/comments?post=2785"}],"version-history":[{"count":44,"href":"https:\/\/www.farplas.com\/fr\/wp-json\/wp\/v2\/pages\/2785\/revisions"}],"predecessor-version":[{"id":5473,"href":"https:\/\/www.farplas.com\/fr\/wp-json\/wp\/v2\/pages\/2785\/revisions\/5473"}],"wp:attachment":[{"href":"https:\/\/www.farplas.com\/fr\/wp-json\/wp\/v2\/media?parent=2785"}],"curies":[{"name":"wp","href":"https:\/\/api.w.org\/{rel}","templated":true}]}}