{"id":2769,"date":"2021-10-04T19:28:57","date_gmt":"2021-10-04T16:28:57","guid":{"rendered":"https:\/\/farplas.sipa.web.tr\/innovation\/"},"modified":"2023-02-27T13:14:40","modified_gmt":"2023-02-27T10:14:40","slug":"innovation","status":"publish","type":"page","link":"https:\/\/www.farplas.com\/fr\/innovation\/","title":{"rendered":"Innovation"},"content":{"rendered":"\n<section class=\"innovation-content\">\n<div class=\"pg\">\n    <div class=\"fac fac-content-inno marg\">\n        <div class=\"cl ca2\">\n            <p class=\"y32\">Mobiliser l&rsquo;intelligence collaborative pour construire l&rsquo;avenir de la mobilit\u00e9.\n<\/p>\n            <p>Chez Farplas, nous sommes passionn\u00e9s par la cr\u00e9ation d&rsquo;une culture v\u00e9ritablement collaborative et cr\u00e9ative dans laquelle l&rsquo;innovation prosp\u00e8re. Nous adoptons une d\u00e9marche de design collaboratif et centr\u00e9e sur le client alli\u00e9e \u00e0 une compr\u00e9hension approfondie des principales tendances du march\u00e9 et technologiques. Notre objectif est de continuer \u00e0 \u00eatre un v\u00e9ritable partenaire pour nos clients et leur proposer des solutions de syst\u00e8mes et services sur-mesure adapt\u00e9s \u00e0 leurs applications et objectifs.\n<\/p>\n\n            <p>Nos \u00e9quipes de R&amp;D et de projets avanc\u00e9s collaborent avec des institutions technologiques, des partenaires industriels, des start-ups et des clients pour d\u00e9velopper des produits de nouvelle g\u00e9n\u00e9ration \u00e0 hautes performances, l\u00e9gers et durables, int\u00e9gr\u00e9s dans l\u2019\u00e9conomie circulaire et des technologies de production de pointe. Nous aspirons \u00e0 am\u00e9liorer l&rsquo;exp\u00e9rience de conduite en faisant progresser la fonctionnalit\u00e9, le design, la s\u00e9curit\u00e9, et la durabilit\u00e9 tout en proposant des solutions abordables \u00e9conomiquement. Nous avons \u00e9galement des \u00e9quipes d\u00e9di\u00e9es se concentrant sur la transformation num\u00e9rique pour atteindre l&rsquo;excellence op\u00e9rationnelle. Nos \u00e9quipes d&rsquo;analyse de donn\u00e9es travaillent sur des solutions d&rsquo;intelligence artificielle, d&rsquo;apprentissage automatique et de traitement d&rsquo;images bas\u00e9es sur notre architecture de donn\u00e9es d\u00e9velopp\u00e9e en interne et support\u00e9e par une infrastructure d&rsquo;usine num\u00e9rique enti\u00e8rement int\u00e9gr\u00e9e.\n<\/p>\n\n            <p>Farplas est l&rsquo;un des pionniers dans l&rsquo;\u00e9tablissement d&rsquo;une importante activit\u00e9 de R&amp;D parmi les fournisseurs automobiles turcs. Nous avons actuellement quatre centres de R&amp;D chez Fark Holding, dont deux sont des centres de R&amp;D Farplas certifi\u00e9s par le gouvernement. Notre premier centre de R&amp;D a obtenu l\u2019accr\u00e9ditation du minist\u00e8re turc de l&rsquo;Industrie et de la Technologie en 2009, bien avant de nombreux acteurs de l&rsquo;industrie et m\u00eame de plusieurs OEMs en Turquie. De plus, nous avons re\u00e7u le \u00ab Prix de la performance des centres R&amp;D\u00bb dans l&rsquo;industrie des fournisseurs d\u2019automobiles en 2012 de la part du Minist\u00e8re de l&rsquo;Industrie et de la Technologie. Fark Labs, notre deuxi\u00e8me centre de R&amp;D, s&rsquo;est qualifi\u00e9 pour sa licence gouvernementale en 2019. Avec plusieurs r\u00e9compenses re\u00e7ues de nos clients au fil des ans, tous nos centres de R&amp;D continuent d\u2019op\u00e9rer comme les principaux centres d&rsquo;innovation de Turquie.\n<\/p>\n        <\/div>\n        <div class=\"cl ca1 one\">\n            <p class=\"oval-img animate reverse\">\n                <img decoding=\"async\" src=\"\/wp-content\/uploads\/2021\/10\/innovation-featured-1-a.jpg\" alt=\"Farplas\">\n            <\/p>\n        <\/div>\n    <\/div>\n    <h2 id=\"rd-projects\">Projets de R&amp;D\n<\/h2>\n    <p><strong>Nos projets de R&amp;D financ\u00e9s par des institutions nationales et internationales d\u00e9passent les moyennes de l&rsquo;industrie. Nous sommes un membre actif de plusieurs projets et coordinateur d\u2019un projet dans Horizon 2020, le programme de recherche et d&rsquo;innovation de l&rsquo;UE.\n<\/strong> <\/p>\n    <!-- accordeon list -->\n    \n    <!-- ## accordeon list -->\n<\/div>\n<\/section>\n\n\n\n<section id=\"fark-labs-tekmer\" class=\"fark-labs\">\n    <div class=\"pg\">\n        <h2>TEKMER &#8211; FARK LABS<\/h2>\n        <p>Alors que les \u00e9quipes de R&amp;D et de projets avanc\u00e9s de Farplas se concentrent enti\u00e8rement sur le monde en rapide transformation de l&rsquo;automobile, Fark Labs est une \u00e9tape vers l&rsquo;avenir de la mobilit\u00e9. Nous avons cr\u00e9\u00e9 ce centre d&rsquo;innovation d\u00e9di\u00e9 \u00e0 la mobilit\u00e9 pour fournir des technologies de transport intelligentes r\u00e9pondant aux probl\u00e8mes li\u00e9s \u00e0 l&rsquo;urbanisation massive. Acc\u00e9l\u00e9rant les id\u00e9es participatives visant \u00e0 transformer l&rsquo;\u00e9cosyst\u00e8me de la mobilit\u00e9, nous fournissons un hub r\u00e9volutionnaire qui soutient l&rsquo;innovation et la collaboration. Notre objectif est de construire ensemble un avenir vivable, durable et meilleur !\n<\/p>\n        <p><a href=\"http:\/\/www.farklabs.com\" target=\"_blank\" class=\"b\" rel=\"noopener\">www.farklabs.com<\/a><\/p>\n        <div class=\"grey-middle full-page\">\n            <div class=\"pg\">\n                <div class=\"fac fac-fark-labs center\">\n                    <div class=\"cl ca1\">\n                        <p><a href=\"http:\/\/www.farklabs.com\" target=\"_blank\" class=\"b\" rel=\"noopener\"><img decoding=\"async\" src=\"https:\/\/www.farplas.com\/wp-content\/uploads\/2023\/02\/FarkLabs-Tekmer-logo-.png\" alt=\"FARK\"><\/a><\/p>\n                    <\/div>\n                    <div class=\"cl ca5\">\n                        <p><img decoding=\"async\" src=\"\/wp-content\/uploads\/2023\/02\/1-header-foto-DSC09714-copy.jpg\" alt=\"FARK\"><\/p>\n                    <\/div>\n                <\/div>\n            <\/div>\n        <\/div>\n    <\/div>\n<\/section>\n\n\n\n<section class=\"start-ups\" id=\"start-ups\">\n    <div class=\"pg\">\n<div class=\"fac fac-gray-box fac-ris-eu\">\n<div class=\"cl ca3\"><p>L&rsquo;EIT RIS Hub Mobilit\u00e9 Urbaine Turquie est dirig\u00e9 par Fark Labs &#8211; Farplas Automotive en partenariat avec l&rsquo;Universit\u00e9 Sabanci et PwC Turquie dans le but d&rsquo;am\u00e9liorer la mobilit\u00e9 urbaine en Turquie, de partager de nouvelles technologies et de connecter les parties prenantes locales avec notre communaut\u00e9 internationale. L&rsquo;EIT RIS Hub Mobilit\u00e9 Urbaine Turquie est soutenu par l&rsquo;EIT Mobilit\u00e9 Urbaine, une initiative de l&rsquo;Institut europ\u00e9en d&rsquo;innovation et de technologie (EIT), un organisme de l&rsquo;Union europ\u00e9enne.<\/p><\/div>\n<div class=\"cl ca1\"><img decoding=\"async\" src=\"\/wp-content\/uploads\/2021\/11\/ris-logo.png\" alt=\"RIS\">22<\/div>\n<\/div>\n        <p><strong>Nos initiatives et startups concentr\u00e9es sur la mobilit\u00e9 chez Fark Labs\n<\/strong><\/p>\n        \n    <\/div>\n<\/section>\n","protected":false},"excerpt":{"rendered":"<p>Mobiliser l&rsquo;intelligence collaborative pour construire l&rsquo;avenir de la mobilit\u00e9. Chez Farplas, nous sommes passionn\u00e9s par la cr\u00e9ation d&rsquo;une culture v\u00e9ritablement collaborative et cr\u00e9ative dans laquelle l&rsquo;innovation prosp\u00e8re. Nous adoptons une d\u00e9marche de design collaboratif et centr\u00e9e sur le client alli\u00e9e \u00e0 une compr\u00e9hension approfondie des principales tendances du march\u00e9 et technologiques. Notre objectif est de&hellip; <a class=\"more-link\" href=\"https:\/\/www.farplas.com\/fr\/innovation\/\">Poursuivre la lecture <span class=\"screen-reader-text\">Innovation<\/span><\/a><\/p>\n","protected":false},"author":1,"featured_media":130,"parent":0,"menu_order":0,"comment_status":"closed","ping_status":"open","template":"page-farplasfull.php","meta":{"_acf_changed":false,"inline_featured_image":false,"footnotes":""},"class_list":["post-2769","page","type-page","status-publish","has-post-thumbnail","hentry","entry"],"acf":[],"_links":{"self":[{"href":"https:\/\/www.farplas.com\/fr\/wp-json\/wp\/v2\/pages\/2769","targetHints":{"allow":["GET"]}}],"collection":[{"href":"https:\/\/www.farplas.com\/fr\/wp-json\/wp\/v2\/pages"}],"about":[{"href":"https:\/\/www.farplas.com\/fr\/wp-json\/wp\/v2\/types\/page"}],"author":[{"embeddable":true,"href":"https:\/\/www.farplas.com\/fr\/wp-json\/wp\/v2\/users\/1"}],"replies":[{"embeddable":true,"href":"https:\/\/www.farplas.com\/fr\/wp-json\/wp\/v2\/comments?post=2769"}],"version-history":[{"count":14,"href":"https:\/\/www.farplas.com\/fr\/wp-json\/wp\/v2\/pages\/2769\/revisions"}],"predecessor-version":[{"id":5253,"href":"https:\/\/www.farplas.com\/fr\/wp-json\/wp\/v2\/pages\/2769\/revisions\/5253"}],"wp:featuredmedia":[{"embeddable":true,"href":"https:\/\/www.farplas.com\/fr\/wp-json\/wp\/v2\/media\/130"}],"wp:attachment":[{"href":"https:\/\/www.farplas.com\/fr\/wp-json\/wp\/v2\/media?parent=2769"}],"curies":[{"name":"wp","href":"https:\/\/api.w.org\/{rel}","templated":true}]}}