{"id":2754,"date":"2021-10-04T19:29:54","date_gmt":"2021-10-04T16:29:54","guid":{"rendered":"https:\/\/farplas.sipa.web.tr\/people\/"},"modified":"2023-02-15T18:43:09","modified_gmt":"2023-02-15T15:43:09","slug":"personnes","status":"publish","type":"page","link":"https:\/\/www.farplas.com\/fr\/personnes\/","title":{"rendered":"Personnes"},"content":{"rendered":"\n<section class=\"grey-middle grey-people closer\">\n    <div class=\"pg\">\n        <div class=\"fac fac-people marg\">\n            <div class=\"cl ca1\">\n                <p>Nous sommes fiers de participer au Pacte mondial des Nations Unies, engag\u00e9s \u00e0 respecter les droits de l&rsquo;homme et les normes du travail, \u00e0 prot\u00e9ger l&rsquo;environnement et \u00e0 lutter contre la corruption. Farplas soutient \u00e9galement activement les Principes d&rsquo;autonomisation des femmes de l&rsquo;ONU. L&rsquo;\u00e9galit\u00e9 de traitement des femmes et des hommes n&rsquo;est pas seulement la bonne chose \u00e0 faire ; c&rsquo;est aussi b\u00e9n\u00e9fique pour les affaires. Qu&rsquo;ils travaillent dans l&rsquo;atelier, conduisent des chariots \u00e9l\u00e9vateurs ou dirigent des projets intrapreneuriaux, pr\u00e8s de 50 % de nos employ\u00e9s sont des femmes.\n <\/p>\n\n                <p>Nous responsabilisons nos employ\u00e9s, encourageons leur d\u00e9veloppement professionnel et leur \u00e9volution personnelle et r\u00e9compensons leurs performances. Nous favorisons un environnement de travail s\u00fbr, diversifi\u00e9 et inclusif o\u00f9 tous les employ\u00e9s peuvent s&rsquo;exprimer, \u00eatre entendus et se sentir les bienvenus.\n<\/p>\n\n                <p>Quel que soit votre r\u00f4le chez Farplas, vous trouverez des personnes unies par une passion commune pour la mobilit\u00e9, l&rsquo;innovation, l&rsquo;excellence et le succ\u00e8s.\n<\/p>\n\n            <\/div>\n            <div class=\"cl ca1\">\n                <p class=\"oval-img animate reverse asymetric\">\n                    <img decoding=\"async\" src=\"\/wp-content\/uploads\/2023\/02\/farplas-insan222.jpg\" alt=\"Farplas\">\n                <\/p>\n                <p class=\"flex-logos\">\n                    <span><img decoding=\"async\" src=\"\/wp-content\/uploads\/2021\/10\/logo-unglobalcompact.png\" alt=\"logo unglobalcompact\"><\/span>\n                    <span><img decoding=\"async\" src=\"\/wp-content\/uploads\/2021\/10\/logo-unwomen.png\" alt=\"logo unwomen\"><\/span>\n                    <span><img decoding=\"async\" src=\"\/wp-content\/uploads\/2021\/10\/logo-wep.png\" alt=\"logo wep\"><\/span>\n                <\/p>\n            <\/div>\n        <\/div>\n    <\/div>\n<\/section>\n\n\n\n<section class=\"culture-values\">\n    <div class=\"pg\">\n        <h2>CULTURE &amp; VALEURS<\/h2>\n        <p class=\"y18\"><strong>Construire la responsabilisation par l&rsquo;autonomie\n<\/strong><\/p>\n        <p>Notre culture organisationnelle est ouverte d&rsquo;esprit, ax\u00e9e sur les solutions, innovante et inclusive. Nous cr\u00e9ons une culture de confiance en \u00e9tablissant des r\u00e8gles claires, en embauchant les bonnes personnes et en les laissant faire leur travail. Nous croyons que la responsabilit\u00e9, l&rsquo;autonomie et une vision partag\u00e9e contribuent \u00e0 un environnement de travail stimulant.\n<\/p>\n\n        <p>Notre \u00e9quipe de Direction cr\u00e9e une dynamique de changement en joignant la parole \u00e0 l\u2019action. L&rsquo;\u00e9coute, le mentorat et l&rsquo;autonomisation sont l&rsquo;\u00e9pine dorsale de notre culture d&rsquo;entreprise.\n<\/p>\n\n        <p>Nous transformons notre mod\u00e8le \u00e9conomique en un sc\u00e9nario hybride-travail \u00e0 distance qui permet plus de flexibilit\u00e9, un travail autonome et un meilleur \u00e9quilibre travail-vie personnelle.\n<\/p> \n\n\n        <div class=\"fc fac-people-slide start\">\n            <div class=\"cl c50 text-col\">\n                <p class=\"y18\"><strong>Penser global\n <\/strong><\/p>\n                <p>Nous pensons que notre succ\u00e8s \u00e0 capitaliser sur les nouvelles opportunit\u00e9s et \u00e0 relever les d\u00e9fis qui les accompagnent d\u00e9pend avant tout de l&rsquo;intelligence avec laquelle nous observons, interpr\u00e9tons, nous adaptons et op\u00e9rons dans ce paysage mondial toujours plus concurrentiel. Communiquer avec les clients, coll\u00e8gues et partenaires au-del\u00e0 des fronti\u00e8res est d\u00e9sormais une r\u00e9alit\u00e9 quotidienne pour tous nos employ\u00e9s. Par cons\u00e9quent, notre objectif est de recruter des candidats qui sont non seulement techniquement comp\u00e9tents, mais aussi culturellement habiles, adaptables et capables de s&rsquo;\u00e9panouir dans un environnement de travail international.\n <\/p>\n                <p class=\"y18\"><strong>Cultiver un \u00e9tat d&rsquo;esprit entrepreneurial et opportuniste\n<\/strong><\/p>\n                <p>Construire une culture entrepreneuriale o\u00f9 les employ\u00e9s se sentent habilit\u00e9s \u00e0 identifier les opportunit\u00e9s et innover est dans notre ADN. C&rsquo;est une comp\u00e9tence essentielle qui nous permet de naviguer dans l&rsquo;incertitude dans l&rsquo;environnement commercial actuel, o\u00f9 la vitesse, la cr\u00e9ativit\u00e9 et la croissance sont cruciales.\n <\/p>\n\n                <p>Nous encourageons nos employ\u00e9s \u00e0 avoir de nouvelles id\u00e9es, \u00eatre innovants, d\u00e9sireux de r\u00e9inventer et ouverts au changement. Nous saisissons les opportunit\u00e9s et \u00e9voluons avec le temps, capitalisons sur les opportunit\u00e9s commerciales au fur et \u00e0 mesure qu&rsquo;elles se pr\u00e9sentent et tirons parti de l&rsquo;\u00e9volution des tendances du march\u00e9 et du comportement des consommateurs. Nous pensons que des \u00e9quipes agiles, polyvalentes et collaboratives sont essentielles pour transformer notre entreprise et fa\u00e7onner un avenir meilleur.\n<\/p>\n            <\/div>\n            <div class=\"cl c50 slide-col\">\n                <!-- people slide  -->\n                \n                <!-- # people slide  -->\n            <\/div>\n        <\/div>\n    <\/div>\n<\/section>\n\n\n\n<section class=\"dark-zone expand full\">\n    <div class=\"pg\">\n        \n    <\/div>\n<\/section>\n\n\n\n<section class=\"dark-zone expand video-zone closer full\">\n    <div class=\"pg\">\n        <h2 class=\"absolute\">Rencontrez quelques-uns de nos coll\u00e8gues et d\u00e9couvrez la vie chez Farplas :\n<\/h2>\n        <!-- video main slide  -->\n        \n        <!-- # video main slide  -->\n    <\/div>\n<\/section>\n","protected":false},"excerpt":{"rendered":"<p>Nous sommes fiers de participer au Pacte mondial des Nations Unies, engag\u00e9s \u00e0 respecter les droits de l&rsquo;homme et les normes du travail, \u00e0 prot\u00e9ger l&rsquo;environnement et \u00e0 lutter contre la corruption. Farplas soutient \u00e9galement activement les Principes d&rsquo;autonomisation des femmes de l&rsquo;ONU. L&rsquo;\u00e9galit\u00e9 de traitement des femmes et des hommes n&rsquo;est pas seulement la&hellip; <a class=\"more-link\" href=\"https:\/\/www.farplas.com\/fr\/personnes\/\">Poursuivre la lecture <span class=\"screen-reader-text\">Personnes<\/span><\/a><\/p>\n","protected":false},"author":1,"featured_media":295,"parent":0,"menu_order":0,"comment_status":"closed","ping_status":"open","template":"page-farplasfull.php","meta":{"_acf_changed":false,"inline_featured_image":false,"footnotes":""},"class_list":["post-2754","page","type-page","status-publish","has-post-thumbnail","hentry","entry"],"acf":[],"_links":{"self":[{"href":"https:\/\/www.farplas.com\/fr\/wp-json\/wp\/v2\/pages\/2754","targetHints":{"allow":["GET"]}}],"collection":[{"href":"https:\/\/www.farplas.com\/fr\/wp-json\/wp\/v2\/pages"}],"about":[{"href":"https:\/\/www.farplas.com\/fr\/wp-json\/wp\/v2\/types\/page"}],"author":[{"embeddable":true,"href":"https:\/\/www.farplas.com\/fr\/wp-json\/wp\/v2\/users\/1"}],"replies":[{"embeddable":true,"href":"https:\/\/www.farplas.com\/fr\/wp-json\/wp\/v2\/comments?post=2754"}],"version-history":[{"count":13,"href":"https:\/\/www.farplas.com\/fr\/wp-json\/wp\/v2\/pages\/2754\/revisions"}],"predecessor-version":[{"id":5201,"href":"https:\/\/www.farplas.com\/fr\/wp-json\/wp\/v2\/pages\/2754\/revisions\/5201"}],"wp:featuredmedia":[{"embeddable":true,"href":"https:\/\/www.farplas.com\/fr\/wp-json\/wp\/v2\/media\/295"}],"wp:attachment":[{"href":"https:\/\/www.farplas.com\/fr\/wp-json\/wp\/v2\/media?parent=2754"}],"curies":[{"name":"wp","href":"https:\/\/api.w.org\/{rel}","templated":true}]}}