{"id":2743,"date":"2021-10-04T19:26:33","date_gmt":"2021-10-04T16:26:33","guid":{"rendered":"https:\/\/farplas.sipa.web.tr\/detail\/"},"modified":"2021-11-12T23:50:16","modified_gmt":"2021-11-12T20:50:16","slug":"detail","status":"publish","type":"page","link":"https:\/\/www.farplas.com\/fr\/produits\/detail\/","title":{"rendered":"Int\u00e9rieur-Ext\u00e9rieur-\u00c9clairage Produits"},"content":{"rendered":"\n<section class=\"product-detail gray-content\" id=\"product-detail\">\n    <div class=\"pg\">\n    <!-- Tabs -->\n    <div class=\"cc-tabs products-tabs\" data-mobile-title=\"FARPLAS\" data-skypos=\"false\" data-hash=\"true\">\n        <div class=\"tab-header\">\n            <p class=\"tab-links desktop\">\n                <!--<a href=\"#all\" class=\"all active\">ALL<\/a> --><a href=\"#interior\" class=\"active\">INT\u00c9RIEUR<\/a><a href=\"#exterior\">EXT\u00c9RIEUR<\/a> <a href=\"#lighting\">\u00c9CLAIRAGE<\/a>\n            <\/p>\n        <\/div>\n        <div class=\"tab-contents\">\n            <!-- tab 1 -->\n            <div class=\"tab-part active\" id=\"interior\">\n                \n            <\/div>\n            <!-- tab 2 -->\n            <div class=\"tab-part\" id=\"exterior\">\n                \n            <\/div>\n            <!-- tab 3 -->\n            <div class=\"tab-part\" id=\"lighting\">\n                \n            <\/div>\n        <\/div>\n    <\/div>\n    <!-- ## Tabs -->\n    <\/div>\n<\/section>\n","protected":false},"excerpt":{"rendered":"<p>INT\u00c9RIEUREXT\u00c9RIEUR \u00c9CLAIRAGE<\/p>\n","protected":false},"author":1,"featured_media":0,"parent":2750,"menu_order":0,"comment_status":"closed","ping_status":"open","template":"","meta":{"_acf_changed":false,"inline_featured_image":false,"footnotes":""},"class_list":["post-2743","page","type-page","status-publish","hentry","entry"],"acf":[],"_links":{"self":[{"href":"https:\/\/www.farplas.com\/fr\/wp-json\/wp\/v2\/pages\/2743","targetHints":{"allow":["GET"]}}],"collection":[{"href":"https:\/\/www.farplas.com\/fr\/wp-json\/wp\/v2\/pages"}],"about":[{"href":"https:\/\/www.farplas.com\/fr\/wp-json\/wp\/v2\/types\/page"}],"author":[{"embeddable":true,"href":"https:\/\/www.farplas.com\/fr\/wp-json\/wp\/v2\/users\/1"}],"replies":[{"embeddable":true,"href":"https:\/\/www.farplas.com\/fr\/wp-json\/wp\/v2\/comments?post=2743"}],"version-history":[{"count":5,"href":"https:\/\/www.farplas.com\/fr\/wp-json\/wp\/v2\/pages\/2743\/revisions"}],"predecessor-version":[{"id":2749,"href":"https:\/\/www.farplas.com\/fr\/wp-json\/wp\/v2\/pages\/2743\/revisions\/2749"}],"up":[{"embeddable":true,"href":"https:\/\/www.farplas.com\/fr\/wp-json\/wp\/v2\/pages\/2750"}],"wp:attachment":[{"href":"https:\/\/www.farplas.com\/fr\/wp-json\/wp\/v2\/media?parent=2743"}],"curies":[{"name":"wp","href":"https:\/\/api.w.org\/{rel}","templated":true}]}}