{"id":2735,"date":"2021-10-04T19:28:24","date_gmt":"2021-10-04T16:28:24","guid":{"rendered":"https:\/\/farplas.sipa.web.tr\/technology\/"},"modified":"2023-02-08T17:04:09","modified_gmt":"2023-02-08T14:04:09","slug":"technologie","status":"publish","type":"page","link":"https:\/\/www.farplas.com\/fr\/technologie\/","title":{"rendered":"Technologies"},"content":{"rendered":"\n<section class=\"tech-content\">\n    <div class=\"pg\">\n        <p class=\"y32\">Innovant, Cr\u00e9atif, Fiable, Collaboratif, Rapide<\/p>\n        <div class=\"fac fac-content-tech marg\">\n            <div class=\"cl ca1 one\">\n                <p class=\"oval-img animate\">\n                    <img decoding=\"async\" src=\"\/wp-content\/uploads\/2021\/10\/technology-innovation.jpg\" alt=\"Farplas\">\n                <\/p>\n            <\/div>\n            <div class=\"cl ca2\">\n                <p>Nous croyons qu&rsquo;il est imp\u00e9ratif de suivre les principes du Design Thinking dans le secteur automobile pour d\u00e9velopper des innovations centr\u00e9es sur le client, technologiquement r\u00e9alisables et financi\u00e8rement viables. Ainsi, nous sommes g\u00e9n\u00e9ralement impliqu\u00e9s dans nos projets d\u00e8s la phase de conception et d\u00e9veloppons le produit en \u00e9troite collaboration avec nos clients. Selon la localisation du client, nous disposons d&rsquo;un r\u00e9seau \u00e0 grande \u00e9chelle de ressources internes et externes pour prendre en charge ces d\u00e9veloppements. Nous avons des \u00e9quipes permanentes situ\u00e9es en Chine, en Cor\u00e9e, en Tha\u00eflande, en Roumanie et en Turquie. \n <\/p>\n\n                <p>De plus, gr\u00e2ce \u00e0 nos \u00e9quipes talentueuses, agiles et flexibles, nous pouvons fournir des services d&rsquo;ing\u00e9nierie plateau chez le client o\u00f9 que se situe le projet, comme d\u00e9j\u00e0 effectu\u00e9 en Allemagne, en Italie, au Royaume-Uni et aux \u00c9tats-Unis. Enfin, nous pouvons selon le besoin tirer parti de notre vaste r\u00e9seau de partenaires technologiques pour une assistance suppl\u00e9mentaire.<\/p>\n\n                <p>Outre les d\u00e9veloppements sp\u00e9cifiques au projet, nous collaborons \u00e9troitement avec nos clients OEMs et partenaires technologiques pendant la phase de recherche. Nous avons plusieurs programmes de R&amp;D communs avec nos clients pour rechercher et d\u00e9velopper des solutions plus efficaces, comp\u00e9titives et respectueuses de l&rsquo;environnement. Les sujets d&rsquo;actualit\u00e9 li\u00e9s \u00e0 ces programmes incluent l&rsquo;Economie Circulaire, les mat\u00e9riaux l\u00e9gers, les solutions de liaison composite et les biomat\u00e9riaux.\n<\/p>\n            <\/div>\n        <\/div>\n        <p><strong>Nos forces technologiques sont<\/strong><\/p>\n        \n    <\/div>\n<\/section>\n","protected":false},"excerpt":{"rendered":"<p>Innovant, Cr\u00e9atif, Fiable, Collaboratif, Rapide Nous croyons qu&rsquo;il est imp\u00e9ratif de suivre les principes du Design Thinking dans le secteur automobile pour d\u00e9velopper des innovations centr\u00e9es sur le client, technologiquement r\u00e9alisables et financi\u00e8rement viables. Ainsi, nous sommes g\u00e9n\u00e9ralement impliqu\u00e9s dans nos projets d\u00e8s la phase de conception et d\u00e9veloppons le produit en \u00e9troite collaboration avec&hellip; <a class=\"more-link\" href=\"https:\/\/www.farplas.com\/fr\/technologie\/\">Poursuivre la lecture <span class=\"screen-reader-text\">Technologies<\/span><\/a><\/p>\n","protected":false},"author":1,"featured_media":877,"parent":0,"menu_order":0,"comment_status":"closed","ping_status":"open","template":"page-farplasfull.php","meta":{"_acf_changed":false,"inline_featured_image":false,"footnotes":""},"class_list":["post-2735","page","type-page","status-publish","has-post-thumbnail","hentry","entry"],"acf":[],"_links":{"self":[{"href":"https:\/\/www.farplas.com\/fr\/wp-json\/wp\/v2\/pages\/2735","targetHints":{"allow":["GET"]}}],"collection":[{"href":"https:\/\/www.farplas.com\/fr\/wp-json\/wp\/v2\/pages"}],"about":[{"href":"https:\/\/www.farplas.com\/fr\/wp-json\/wp\/v2\/types\/page"}],"author":[{"embeddable":true,"href":"https:\/\/www.farplas.com\/fr\/wp-json\/wp\/v2\/users\/1"}],"replies":[{"embeddable":true,"href":"https:\/\/www.farplas.com\/fr\/wp-json\/wp\/v2\/comments?post=2735"}],"version-history":[{"count":9,"href":"https:\/\/www.farplas.com\/fr\/wp-json\/wp\/v2\/pages\/2735\/revisions"}],"predecessor-version":[{"id":5122,"href":"https:\/\/www.farplas.com\/fr\/wp-json\/wp\/v2\/pages\/2735\/revisions\/5122"}],"wp:featuredmedia":[{"embeddable":true,"href":"https:\/\/www.farplas.com\/fr\/wp-json\/wp\/v2\/media\/877"}],"wp:attachment":[{"href":"https:\/\/www.farplas.com\/fr\/wp-json\/wp\/v2\/media?parent=2735"}],"curies":[{"name":"wp","href":"https:\/\/api.w.org\/{rel}","templated":true}]}}