{"id":2448,"date":"2021-10-02T21:14:15","date_gmt":"2021-10-02T18:14:15","guid":{"rendered":"https:\/\/farplas.sipa.web.tr\/homepage\/"},"modified":"2021-12-14T09:59:54","modified_gmt":"2021-12-14T06:59:54","slug":"homepage","status":"publish","type":"page","link":"https:\/\/www.farplas.com\/fr\/","title":{"rendered":"Homepage"},"content":{"rendered":"<section class=\"welcome welcome-home welcome-slide\"><\/section>\n\n\n\n<section class=\"motto-home\">\n            <div class=\"pg\">\n            <h2>Culture et Valeurs<\/h2>\n            <p class=\"y32\">Les personnes sont notre meilleur atout. Nous croyons que tout commence et finit par l&rsquo;humain. Nous adh\u00e9rons \u00e0 l&rsquo;\u00e9galit\u00e9 des genres, \u00e0 la diversite, \u00e0 l&rsquo;inclusivit\u00e9, \u00e0 la transparence et \u00e0 l&rsquo;intelligence collectivre<\/p>\n            <p class=\"actions\">\n                <a href=\"\/fr\/personnes\/\" class=\"button mini anim noborder\"><em>Pour en savoir plus <i class=\"farp icon-arrow-right\"><\/i><\/em><\/a>\n            <\/p>\n            <\/div>\n        <\/section>\n\n\n\n<section class=\"five-points closer\">\n            <div class=\"pg\">\n                <div class=\"fc fac-five-point\">\n                    <div class=\"cl c50\">\n                        <div class=\"red-points\">\n                            <h2>L&rsquo;ESPRIT<\/h2>\n                            <img decoding=\"async\" src=\"\/wp-content\/uploads\/2021\/10\/fivepoints-wirebox.png\" alt=\"L'ESPRIT\" class=\"natural\">\n                            <a class=\"point one\"><em class=\"one\">Les Personnes<\/em><em class=\"two\">Les Personnes sont notre meilleur atout. <\/em><\/a>\n                            <a class=\"point two\"><em class=\"one\">Purpose<\/em><em class=\"two\">Notre Raison d&rsquo;\u00eatre est notre moteur<\/em><\/a>\n                            <a class=\"point three\"><em class=\"one\">Le Progr\u00e8s<\/em><em class=\"two\">Le Progr\u00e8s est  notre quotidien<\/em><\/a>\n                            <a class=\"point four\"><em class=\"one\">La Passion<\/em><em class=\"two\">La Passion est notre source d&rsquo;energie<\/em><\/a>\n                            <a class=\"point five\"><em class=\"one\">Persistence<\/em><em class=\"two\">La Persistance est notre attitude<\/em><\/a>\n                        <\/div>\n                    <\/div>\n                    <div class=\"cl c50\">\n                        <!-- fivepoints slide  -->\n                        \n                    <\/div>\n                <\/div>\n            <\/div>\n        <\/section>\n\n\n\n<section class=\"dark-zone closer\">\n<div class=\"pg\">\n\n<\/div>\n<\/section>\n\n\n\n<section class=\"soft-gray-zone full closer\">\n    <div class=\"pg\">\n        <div class=\"motto-home\">\n            <h2>TECHNOLOGIES<\/h2>\n            <p class=\"y32 t_gray\">Nous aspirons \u00e0 am\u00e9liorer l&rsquo;exp\u00e9rience de conduite en faisant progresser la fonctionnalit\u00e9, le design, la s\u00e9curit\u00e9, et la durabilit\u00e9 tout en proposant des solutions abordables \u00e9conomiquement. La Technologie est le moteur de notre succ\u00e8s <\/p>\n            <p class=\"actions\">\n                <a href=\"\/fr\/technologie\/\" class=\"button mini anim noborder\"><em>Pour aller plus loin <i class=\"farp icon-arrow-right\"><\/i><\/em><\/a>\n            <\/p>\n        <\/div>\n\n        <div class=\"fac fac-technology-home\">\n            <div class=\"cl ca2\">\n                <img decoding=\"async\" src=\"\/wp-content\/uploads\/2021\/10\/technology-cover-a-1.jpg\" alt=\"Farplas\" class=\"strech\">\n            <\/div>\n            <div class=\"cl ca1\">\n                <img decoding=\"async\" src=\"\/wp-content\/uploads\/2021\/10\/technology-cover-a-2.jpg\" alt=\"Farplas\" class=\"strech\">\n            <\/div>\n        <\/div>\n\n        <div class=\"motto-home t_center\">\n            <h2>PRODUITS<\/h2>\n            <p class=\"y32\">Farplas  est engag\u00e9 dans la recherche, le d\u00e9veloppement et la fabrication de syst\u00e8mes \u00e0 base de polym\u00e8res pour l&rsquo;automobile, propose des solutions innovantes et utilise les meilleures technologies pour rendre la mobilit\u00e9 plus s\u00fbre, fiable, comp\u00e9titive et efficiente. <\/p>\n        <\/div>\n\n        <div class=\"production-image t_center\">\n            <img decoding=\"async\" id=\"production-img\" src=\"\/wp-content\/uploads\/2021\/10\/production-image-1.png\" alt=\"Farplas\">\n        <\/div>\n        \n<\/div>\n<\/section>\n\n\n\n<section class=\"news-zone\">\n            <div class=\"pg\">\n                <h2>ACTUALIT\u00c9S<\/h2>\n           <!-- slick slide start :news --><div class=\"slick-slide-cover slick-partial slick-flat slick-featured \" data-respsetting=\"3|3|3|2|2|1\" data-center=\"false\" data-loop=\"true\" data-autoplay=\"7000\" data-dots=\"false\" data-arrows=\"true\"><div class=\"slick-use\"><article>\n            <div class=\"img\">\n                <img decoding=\"async\" src=\"https:\/\/www.farplas.com\/wp-content\/uploads\/2021\/10\/news-feautred-6-2.jpg\" alt=\"Turkiye&rsquo;s Minister Of Industry And Technology, Mustafa Varank, Visited Farplas\">\n            <\/div>\n            <div class=\"text\">\n                <div class=\"fac fac-actions no\">\n                    <span class=\"cl autow\">\n                        <a href=\"https:\/\/www.farplas.com\/fr\/.\/news\/dentreprise\/\">D&#039;entreprise<\/a><a href=\"https:\/\/www.farplas.com\/fr\/.\/press-fr\/\">PRESS<\/a>\n                    <\/span>\n                    <span class=\"cl autow\">\n                        3 Min\n                    <\/span>\n                    <span class=\"cl autow\">\n                        Juin 3, 2021\n                    <\/span>\n                <\/div>\n                <h2>\n                   Turkiye&rsquo;s Minister Of Industry And Technology, Mustafa Varank, Visited Farplas\n                <\/h2>\n                 During his factory visit, Mr. Varank saw firsthand the parts for TOGG designed and produced by Farplas, its production capability, and R&D projects.\n            <\/div>\n            <a href=\"https:\/\/www.farplas.com\/fr\/news\/dentreprise\/2021\/turkeys-minister-of-industry-and-technology-mustafa-varank-visited-farplas\/\" class=\"stick\">Learn More<\/a>\n        <\/article><article>\n            <div class=\"img\">\n                <img decoding=\"async\" src=\"https:\/\/www.farplas.com\/wp-content\/uploads\/2021\/10\/news-feautred-1-2.jpg\" alt=\"Farplas expands to Romania launches its first international manufacturing plant\">\n            <\/div>\n            <div class=\"text\">\n                <div class=\"fac fac-actions no\">\n                    <span class=\"cl autow\">\n                        <a href=\"https:\/\/www.farplas.com\/fr\/.\/news\/dentreprise\/\">D&#039;entreprise<\/a><a href=\"https:\/\/www.farplas.com\/fr\/.\/news-from-us-fr\/\">NEWS FROM US<\/a>\n                    <\/span>\n                    <span class=\"cl autow\">\n                        7 Min\n                    <\/span>\n                    <span class=\"cl autow\">\n                        Mai 15, 2021\n                    <\/span>\n                <\/div>\n                <h2>\n                   Farplas expands to Romania launches its first international manufacturing plant\n                <\/h2>\n                 We talked to G\u00f6khan Ta\u015far, Plant Executive Director, about Farplas\u2019 latest international expansion in Romania, its growth strategies, and the Farplas and Smart Solutions joint venture.\n            <\/div>\n            <a href=\"https:\/\/www.farplas.com\/fr\/news\/dentreprise\/2021\/farplas-expands-to-romania-launches-its-first-international-manufacturing-plant\/\" class=\"stick\">Learn More<\/a>\n        <\/article><article>\n            <div class=\"img\">\n                <img decoding=\"async\" src=\"https:\/\/www.farplas.com\/wp-content\/uploads\/2021\/10\/news-feautred-3-2.jpg\" alt=\"Farplas Signs the UN Women&rsquo;s Empowerment Principles\">\n            <\/div>\n            <div class=\"text\">\n                <div class=\"fac fac-actions no\">\n                    <span class=\"cl autow\">\n                        <a href=\"https:\/\/www.farplas.com\/fr\/.\/news\/dentreprise\/\">D&#039;entreprise<\/a><a href=\"https:\/\/www.farplas.com\/fr\/.\/news-from-us-fr\/\">NEWS FROM US<\/a>\n                    <\/span>\n                    <span class=\"cl autow\">\n                        2 Min\n                    <\/span>\n                    <span class=\"cl autow\">\n                        Mar 19, 2021\n                    <\/span>\n                <\/div>\n                <h2>\n                   Farplas Signs the UN Women&rsquo;s Empowerment Principles\n                <\/h2>\n                 We are pleased to announce that Farplas has officially joined the United Nation's Women's Empowerment Principles (WEPs), thus advancing our conduct and initiatives in promoting gender equality. \n            <\/div>\n            <a href=\"https:\/\/www.farplas.com\/fr\/news\/dentreprise\/2021\/farplas-signs-the-un-womens-empowerment-principles\/\" class=\"stick\">Learn More<\/a>\n        <\/article><\/div><\/div><!-- slick slide end -->\n            <\/div>\n        <\/section>\n","protected":false},"excerpt":{"rendered":"<p>Culture et Valeurs Les personnes sont notre meilleur atout. Nous croyons que tout commence et finit par l&rsquo;humain. Nous adh\u00e9rons \u00e0 l&rsquo;\u00e9galit\u00e9 des genres, \u00e0 la diversite, \u00e0 l&rsquo;inclusivit\u00e9, \u00e0 la transparence et \u00e0 l&rsquo;intelligence collectivre Pour en savoir plus L&rsquo;ESPRIT Les PersonnesLes Personnes sont notre meilleur atout. PurposeNotre Raison d&rsquo;\u00eatre est notre moteur Le&hellip; <a class=\"more-link\" href=\"https:\/\/www.farplas.com\/fr\/news\/dentreprise\/2021\/farplas-signs-the-un-womens-empowerment-principles\/\">Poursuivre la lecture <span class=\"screen-reader-text\">Farplas Signs the UN Women&rsquo;s Empowerment Principles<\/span><\/a><\/p>\n","protected":false},"author":1,"featured_media":0,"parent":0,"menu_order":0,"comment_status":"closed","ping_status":"open","template":"","meta":{"_acf_changed":false,"inline_featured_image":false,"footnotes":""},"class_list":["post-2448","page","type-page","status-publish","hentry","entry"],"acf":[],"_links":{"self":[{"href":"https:\/\/www.farplas.com\/fr\/wp-json\/wp\/v2\/pages\/2448","targetHints":{"allow":["GET"]}}],"collection":[{"href":"https:\/\/www.farplas.com\/fr\/wp-json\/wp\/v2\/pages"}],"about":[{"href":"https:\/\/www.farplas.com\/fr\/wp-json\/wp\/v2\/types\/page"}],"author":[{"embeddable":true,"href":"https:\/\/www.farplas.com\/fr\/wp-json\/wp\/v2\/users\/1"}],"replies":[{"embeddable":true,"href":"https:\/\/www.farplas.com\/fr\/wp-json\/wp\/v2\/comments?post=2448"}],"version-history":[{"count":11,"href":"https:\/\/www.farplas.com\/fr\/wp-json\/wp\/v2\/pages\/2448\/revisions"}],"predecessor-version":[{"id":3077,"href":"https:\/\/www.farplas.com\/fr\/wp-json\/wp\/v2\/pages\/2448\/revisions\/3077"}],"wp:attachment":[{"href":"https:\/\/www.farplas.com\/fr\/wp-json\/wp\/v2\/media?parent=2448"}],"curies":[{"name":"wp","href":"https:\/\/api.w.org\/{rel}","templated":true}]}}